{"id":8028,"date":"2025-04-18T10:36:21","date_gmt":"2025-04-18T02:36:21","guid":{"rendered":"https:\/\/www.sinoglass.com\/?post_type=product&#038;p=8028"},"modified":"2026-04-16T15:36:32","modified_gmt":"2026-04-16T07:36:32","slug":"plastic-salt-and-pepper-grinder","status":"publish","type":"product","link":"https:\/\/www.sinoglass.com\/de\/product\/plastic-salt-and-pepper-grinder\/","title":{"rendered":"Haltbarer AS Kunststoff Salz- und Pfefferm\u00e4ler #89890002"},"content":{"rendered":"<p>Mit MONARCH CLEAR k\u00f6nnen Sie&#8217; Sie haben keinen Zweifel dar\u00fcber, wie viel von Ihrem Lieblingssalz oder ganzem Pfeffer in Ihrer M\u00fchle \u00fcbrig bleibt. Dar\u00fcber hinaus k\u00f6nnen Sie den hochwertigen Mechanismus bei der Arbeit beobachten, w\u00e4hrend Sie frischen Geschmack hinzuf\u00fcgen. Der Zinklegierungsknopf an den 6-Zoll- oder 8-Zoll-M\u00fchlen verstellt den Schleif von fein auf grob. Ein einzigartiger Ring aus Edelstahl verleiht einen Hauch von Eleganz. Beginnen Sie ein Gespr\u00e4ch mit den robusten und transparenten MONARCH CLEAR M\u00fchlen.<\/p>","protected":false},"excerpt":{"rendered":"<ul>\n<li>Transparentes Salz &amp; Pfefferm\u00fchle.<\/li>\n<li>Zinklegierung Verstellknopf.<\/li>\n<li>Stilvoller Ring aus Edelstahl.<\/li>\n<li>Lebenslang Keramikmechanismus.<\/li>\n<li>Hochwertiger und robuster Kunststoff.<\/li>\n<\/ul>","protected":false},"featured_media":8013,"comment_status":"open","ping_status":"closed","template":"","meta":{"_acf_changed":false},"product_brand":[],"product_cat":[268,71],"product_tag":[],"class_list":{"0":"post-8028","1":"product","2":"type-product","3":"status-publish","4":"has-post-thumbnail","6":"product_cat-glass-plastic-mills","7":"product_cat-mills-grinders","9":"first","10":"instock","11":"shipping-taxable","12":"purchasable","13":"product-type-variable"},"acf":[],"_links":{"self":[{"href":"https:\/\/www.sinoglass.com\/de\/wp-json\/wp\/v2\/product\/8028","targetHints":{"allow":["GET"]}}],"collection":[{"href":"https:\/\/www.sinoglass.com\/de\/wp-json\/wp\/v2\/product"}],"about":[{"href":"https:\/\/www.sinoglass.com\/de\/wp-json\/wp\/v2\/types\/product"}],"replies":[{"embeddable":true,"href":"https:\/\/www.sinoglass.com\/de\/wp-json\/wp\/v2\/comments?post=8028"}],"wp:featuredmedia":[{"embeddable":true,"href":"https:\/\/www.sinoglass.com\/de\/wp-json\/wp\/v2\/media\/8013"}],"wp:attachment":[{"href":"https:\/\/www.sinoglass.com\/de\/wp-json\/wp\/v2\/media?parent=8028"}],"wp:term":[{"taxonomy":"product_brand","embeddable":true,"href":"https:\/\/www.sinoglass.com\/de\/wp-json\/wp\/v2\/product_brand?post=8028"},{"taxonomy":"product_cat","embeddable":true,"href":"https:\/\/www.sinoglass.com\/de\/wp-json\/wp\/v2\/product_cat?post=8028"},{"taxonomy":"product_tag","embeddable":true,"href":"https:\/\/www.sinoglass.com\/de\/wp-json\/wp\/v2\/product_tag?post=8028"}],"curies":[{"name":"WP","href":"https:\/\/api.w.org\/{rel}","templated":true}]}}