{"id":7857,"date":"2025-02-27T13:46:22","date_gmt":"2025-02-27T05:46:22","guid":{"rendered":"https:\/\/www.sinoglass.com\/?post_type=product&#038;p=7857"},"modified":"2025-10-21T13:39:06","modified_gmt":"2025-10-21T05:39:06","slug":"hot-and-cold-coffee-tumbler","status":"publish","type":"product","link":"https:\/\/www.sinoglass.com\/de\/product\/hot-and-cold-coffee-tumbler\/","title":{"rendered":"20 oz hei\u00dfe und kalte Kaffeebecher mit Gurt und Stroh #69696002"},"content":{"rendered":"<p>Die ALL-OCCASION ist ein hei\u00dfes Produkt f\u00fcr den t\u00e4glichen Gebrauch, und die neue Edelstahlversion bietet noch mehr M\u00f6glichkeiten. Genie\u00dfen Sie Ihr Getr\u00e4nk bei der gew\u00fcnschten Temperatur f\u00fcr viele Stunden, und es sieht auch toll aus. Mit dem integrierten Klappgriff und verstellbarem Tragegurt steht die ALL-OCASSION S.S. an der Spitze Ihrer Liste f\u00fcr eine allseitige Hydratisierungsl\u00f6sung.<\/p>","protected":false},"excerpt":{"rendered":"<ul>\n<li>Zwei Trinkm\u00f6glichkeiten, Stroh f\u00fcr kalte Getr\u00e4nke, Auslauf f\u00fcr hei\u00dfe.<\/li>\n<li>Thermischer Edelstahl f\u00fcr zuverl\u00e4ssige Temperatur.<\/li>\n<li>Integrierter Klappgriff und abnehmbarer Tragurt.<\/li>\n<li>Abnehmbares und Wegwerfstroh.<\/li>\n<\/ul>","protected":false},"featured_media":7862,"comment_status":"open","ping_status":"closed","template":"","meta":{"_acf_changed":false},"product_brand":[],"product_cat":[128,75],"product_tag":[],"class_list":{"0":"post-7857","1":"product","2":"type-product","3":"status-publish","4":"has-post-thumbnail","6":"product_cat-insulated-mug","7":"product_cat-tumblers-mugs","9":"first","10":"instock","11":"shipping-taxable","12":"purchasable","13":"product-type-variable"},"acf":[],"_links":{"self":[{"href":"https:\/\/www.sinoglass.com\/de\/wp-json\/wp\/v2\/product\/7857","targetHints":{"allow":["GET"]}}],"collection":[{"href":"https:\/\/www.sinoglass.com\/de\/wp-json\/wp\/v2\/product"}],"about":[{"href":"https:\/\/www.sinoglass.com\/de\/wp-json\/wp\/v2\/types\/product"}],"replies":[{"embeddable":true,"href":"https:\/\/www.sinoglass.com\/de\/wp-json\/wp\/v2\/comments?post=7857"}],"wp:featuredmedia":[{"embeddable":true,"href":"https:\/\/www.sinoglass.com\/de\/wp-json\/wp\/v2\/media\/7862"}],"wp:attachment":[{"href":"https:\/\/www.sinoglass.com\/de\/wp-json\/wp\/v2\/media?parent=7857"}],"wp:term":[{"taxonomy":"product_brand","embeddable":true,"href":"https:\/\/www.sinoglass.com\/de\/wp-json\/wp\/v2\/product_brand?post=7857"},{"taxonomy":"product_cat","embeddable":true,"href":"https:\/\/www.sinoglass.com\/de\/wp-json\/wp\/v2\/product_cat?post=7857"},{"taxonomy":"product_tag","embeddable":true,"href":"https:\/\/www.sinoglass.com\/de\/wp-json\/wp\/v2\/product_tag?post=7857"}],"curies":[{"name":"WP","href":"https:\/\/api.w.org\/{rel}","templated":true}]}}