{"id":7840,"date":"2025-02-27T13:21:39","date_gmt":"2025-02-27T05:21:39","guid":{"rendered":"https:\/\/www.sinoglass.com\/?post_type=product&#038;p=7840"},"modified":"2025-10-21T13:39:23","modified_gmt":"2025-10-21T05:39:23","slug":"large-double-wall-stainless-steel-tumbler","status":"publish","type":"product","link":"https:\/\/www.sinoglass.com\/de\/product\/large-double-wall-stainless-steel-tumbler\/","title":{"rendered":"Gro\u00dfe Doppelwand Edelstahl Tumbler mit Stroh #69726001"},"content":{"rendered":"<p>Der BIG CARRY ist die perfekte Wahl f\u00fcr einen komfortablen Spaziergang oder einen intensiven Spaziergang. Unser innovativer Drehkappendeckel h\u00e4lt den Trinkstroh versteckt und dem gro\u00dfen integrierten Griff aus dem Weg, und der breite Trinkauslauf ist jederzeit bereit. Verwenden Sie den Auslauf, w\u00e4hrend Sie&#8217; wieder in Bewegung, oder Pop das Stroh, wenn Sie&#8217; Bereit f\u00fcr eine Pause. Machen Sie Ihre Gesundheitsreise mit BIG CARRY weiter.<\/p>","protected":false},"excerpt":{"rendered":"<ul>\n<li>Gro\u00dfe Kapazit\u00e4t Edelstahlbecher.<\/li>\n<li>Gro\u00dfer integrierter Griff.<\/li>\n<li>R\u00fccknehmbares Stroh mit Drehkappe.<\/li>\n<li>Magnetlappe zur Haltekappe.<\/li>\n<li>Zwei gro\u00dfe Gr\u00f6\u00dfen, 1200ml \/ 40oz, 1000ml \/ 33oz.<\/li>\n<li>Drei verf\u00fcgbare Farben.<\/li>\n<\/ul>","protected":false},"featured_media":7853,"comment_status":"open","ping_status":"closed","template":"","meta":{"_acf_changed":false},"product_brand":[],"product_cat":[128,75],"product_tag":[],"class_list":{"0":"post-7840","1":"product","2":"type-product","3":"status-publish","4":"has-post-thumbnail","6":"product_cat-insulated-mug","7":"product_cat-tumblers-mugs","9":"first","10":"instock","11":"shipping-taxable","12":"purchasable","13":"product-type-variable"},"acf":[],"_links":{"self":[{"href":"https:\/\/www.sinoglass.com\/de\/wp-json\/wp\/v2\/product\/7840","targetHints":{"allow":["GET"]}}],"collection":[{"href":"https:\/\/www.sinoglass.com\/de\/wp-json\/wp\/v2\/product"}],"about":[{"href":"https:\/\/www.sinoglass.com\/de\/wp-json\/wp\/v2\/types\/product"}],"replies":[{"embeddable":true,"href":"https:\/\/www.sinoglass.com\/de\/wp-json\/wp\/v2\/comments?post=7840"}],"wp:featuredmedia":[{"embeddable":true,"href":"https:\/\/www.sinoglass.com\/de\/wp-json\/wp\/v2\/media\/7853"}],"wp:attachment":[{"href":"https:\/\/www.sinoglass.com\/de\/wp-json\/wp\/v2\/media?parent=7840"}],"wp:term":[{"taxonomy":"product_brand","embeddable":true,"href":"https:\/\/www.sinoglass.com\/de\/wp-json\/wp\/v2\/product_brand?post=7840"},{"taxonomy":"product_cat","embeddable":true,"href":"https:\/\/www.sinoglass.com\/de\/wp-json\/wp\/v2\/product_cat?post=7840"},{"taxonomy":"product_tag","embeddable":true,"href":"https:\/\/www.sinoglass.com\/de\/wp-json\/wp\/v2\/product_tag?post=7840"}],"curies":[{"name":"WP","href":"https:\/\/api.w.org\/{rel}","templated":true}]}}