{"id":7826,"date":"2025-02-27T11:14:17","date_gmt":"2025-02-27T03:14:17","guid":{"rendered":"https:\/\/www.sinoglass.com\/?post_type=product&#038;p=7826"},"modified":"2026-04-16T15:35:36","modified_gmt":"2026-04-16T07:35:36","slug":"40-oz-insulated-tumbler","status":"publish","type":"product","link":"https:\/\/www.sinoglass.com\/de\/product\/40-oz-insulated-tumbler\/","title":{"rendered":"40 oz Isolierter Tumbler mit ausziehbarem Stroh und Griff #69716001"},"content":{"rendered":"<p>Diese BIG GRIP gibt Ihnen eine Wahl mit einem TWIST. Das Stroh wird durch eine Twistoffkappe versteckt. Entfernen Sie es und das Stroh erscheint f\u00fcr Ihr Getr\u00e4nk. Und was dann? Legen Sie die Kappe auf die magnetische Registerkarte und es gewonnen&#8217; t \u00fcberall gehen. Wenn Sie&#8217; wieder fertig, dr\u00fccken Sie das Stroh nach unten und drehen Sie die Kappe. Das Strohhalm ist immer bereit, aber der Auslauf ist auch da, also trinken Sie, wie Sie m\u00f6chten. Der geheime Mechanismus ist eine Silikonverl\u00e4ngerung am Stroh, die es in Position bringt. Zwei Optionen, mit einem Twist!<\/p>","protected":false},"excerpt":{"rendered":"<ul>\n<li>Gro\u00dfe Kapazit\u00e4t Edelstahlbecher.<\/li>\n<li>Gro\u00dfer und komfortabler Griff.<\/li>\n<li>R\u00fccknehmbares Stroh mit Drehkappe.<\/li>\n<li>Magnetlappe zur Haltekappe.<\/li>\n<\/ul>","protected":false},"featured_media":7837,"comment_status":"open","ping_status":"closed","template":"","meta":{"_acf_changed":false},"product_brand":[],"product_cat":[128,75],"product_tag":[],"class_list":{"0":"post-7826","1":"product","2":"type-product","3":"status-publish","4":"has-post-thumbnail","6":"product_cat-insulated-mug","7":"product_cat-tumblers-mugs","9":"first","10":"instock","11":"shipping-taxable","12":"purchasable","13":"product-type-variable"},"acf":[],"_links":{"self":[{"href":"https:\/\/www.sinoglass.com\/de\/wp-json\/wp\/v2\/product\/7826","targetHints":{"allow":["GET"]}}],"collection":[{"href":"https:\/\/www.sinoglass.com\/de\/wp-json\/wp\/v2\/product"}],"about":[{"href":"https:\/\/www.sinoglass.com\/de\/wp-json\/wp\/v2\/types\/product"}],"replies":[{"embeddable":true,"href":"https:\/\/www.sinoglass.com\/de\/wp-json\/wp\/v2\/comments?post=7826"}],"wp:featuredmedia":[{"embeddable":true,"href":"https:\/\/www.sinoglass.com\/de\/wp-json\/wp\/v2\/media\/7837"}],"wp:attachment":[{"href":"https:\/\/www.sinoglass.com\/de\/wp-json\/wp\/v2\/media?parent=7826"}],"wp:term":[{"taxonomy":"product_brand","embeddable":true,"href":"https:\/\/www.sinoglass.com\/de\/wp-json\/wp\/v2\/product_brand?post=7826"},{"taxonomy":"product_cat","embeddable":true,"href":"https:\/\/www.sinoglass.com\/de\/wp-json\/wp\/v2\/product_cat?post=7826"},{"taxonomy":"product_tag","embeddable":true,"href":"https:\/\/www.sinoglass.com\/de\/wp-json\/wp\/v2\/product_tag?post=7826"}],"curies":[{"name":"WP","href":"https:\/\/api.w.org\/{rel}","templated":true}]}}