{"id":7785,"date":"2025-02-26T10:23:59","date_gmt":"2025-02-26T02:23:59","guid":{"rendered":"https:\/\/www.sinoglass.com\/?post_type=product&#038;p=7785"},"modified":"2025-02-27T09:35:14","modified_gmt":"2025-02-27T01:35:14","slug":"insulated-travel-mug","status":"publish","type":"product","link":"https:\/\/www.sinoglass.com\/de\/product\/insulated-travel-mug\/","title":{"rendered":"Isoliertes Reisebecher Glas mit Edelstahlh\u00fclse #68792000"},"content":{"rendered":"<p>F\u00fcr Kaffeeliebhaber ist das Aroma und der Geschmack von Kaffee von gr\u00f6\u00dfter Wichtigkeit, und die richtige Temperatur ist ebenso wichtig f\u00fcr eine perfekte Tasse. Traditionelle isolierte Kolben aus Edelstahl k\u00f6nnen Ihren Kaffee f\u00fcr l\u00e4ngere Zeit hei\u00df oder kalt halten, aber sie kompromittieren oft die Reinheit des Kaffees. s Geschmack. Auf der anderen Seite behalten Glastassen den urspr\u00fcnglichen Geschmack des Kaffees, behalten jedoch nicht die ideale Temperatur und beeinflussen das gesamte Trinkenerlebnis.<\/p>\n<p>Vielleicht ist unser **BEVERAGE GLASS MULTI-USE ISOLATED** die ultimative L\u00f6sung. Mit einer Au\u00dfenschicht aus Edelstahl f\u00fcr eine ausgezeichnete Isolierung entwickelt, h\u00e4lt er Ihren Kaffee stundenlang auf der perfekten Temperatur. In der Zwischenzeit sorgt die innere Glasauskleidung, die mit dem Getr\u00e4nk in Kontakt kommt, dass der Kaffee&#8217; s authentischer Geschmack und Aroma bleiben unber\u00fchrt. Diese innovative Kombination erm\u00f6glicht es Ihnen, Ihren Kaffee genauso zu genie\u00dfen, wie es&#8217; Es soll geschmackvoll, aromatisch und bei idealer Temperatur sein.<\/p>","protected":false},"excerpt":{"rendered":"<ul>\n<li>Elegante L\u00f6sung f\u00fcr hei\u00dfe oder kalte Getr\u00e4nke.<\/li>\n<li>Borosilikatglas, Edelstahlh\u00fclse.<\/li>\n<li>Vier verf\u00fcgbare Farben.<\/li>\n<\/ul>","protected":false},"featured_media":7815,"comment_status":"open","ping_status":"closed","template":"","meta":{"_acf_changed":false},"product_brand":[],"product_cat":[121,128,75],"product_tag":[],"class_list":{"0":"post-7785","1":"product","2":"type-product","3":"status-publish","4":"has-post-thumbnail","6":"product_cat-glass-mug","7":"product_cat-insulated-mug","8":"product_cat-tumblers-mugs","10":"first","11":"instock","12":"shipping-taxable","13":"purchasable","14":"product-type-variable"},"acf":[],"_links":{"self":[{"href":"https:\/\/www.sinoglass.com\/de\/wp-json\/wp\/v2\/product\/7785","targetHints":{"allow":["GET"]}}],"collection":[{"href":"https:\/\/www.sinoglass.com\/de\/wp-json\/wp\/v2\/product"}],"about":[{"href":"https:\/\/www.sinoglass.com\/de\/wp-json\/wp\/v2\/types\/product"}],"replies":[{"embeddable":true,"href":"https:\/\/www.sinoglass.com\/de\/wp-json\/wp\/v2\/comments?post=7785"}],"wp:featuredmedia":[{"embeddable":true,"href":"https:\/\/www.sinoglass.com\/de\/wp-json\/wp\/v2\/media\/7815"}],"wp:attachment":[{"href":"https:\/\/www.sinoglass.com\/de\/wp-json\/wp\/v2\/media?parent=7785"}],"wp:term":[{"taxonomy":"product_brand","embeddable":true,"href":"https:\/\/www.sinoglass.com\/de\/wp-json\/wp\/v2\/product_brand?post=7785"},{"taxonomy":"product_cat","embeddable":true,"href":"https:\/\/www.sinoglass.com\/de\/wp-json\/wp\/v2\/product_cat?post=7785"},{"taxonomy":"product_tag","embeddable":true,"href":"https:\/\/www.sinoglass.com\/de\/wp-json\/wp\/v2\/product_tag?post=7785"}],"curies":[{"name":"WP","href":"https:\/\/api.w.org\/{rel}","templated":true}]}}