{"id":7782,"date":"2025-02-25T17:07:51","date_gmt":"2025-02-25T09:07:51","guid":{"rendered":"https:\/\/www.sinoglass.com\/?post_type=product&#038;p=7782"},"modified":"2025-02-26T10:55:27","modified_gmt":"2025-02-26T02:55:27","slug":"glass-cup-with-lid-and-straw","status":"publish","type":"product","link":"https:\/\/www.sinoglass.com\/de\/product\/glass-cup-with-lid-and-straw\/","title":{"rendered":"Glas Travel Cup mit Deckel und Stroh #69613002"},"content":{"rendered":"<p>SAFE TRAVELS ist der doppelte Deckel Glas Trinkbecher, der seinem Namen gerecht wird. Das Silikon Stroh auf einer Seite gewonnen&#8217; t Leck, wenn der Deckel geschlossen wird. Der Trinkauslauf auf der anderen Seite ist abgedeckt und verschlossen, um vor Leckagen zu sch\u00fctzen. Dr\u00fccken Sie den Knopf, nehmen Sie einen Schluck. Ein gro\u00dfer und weicher Silikongriff sch\u00fctzt Ihre H\u00e4nde. Wohin auch immer Sie gehen, auf einem Spaziergang oder ins B\u00fcro, SAFE TRAVELS ist die richtige Wahl.<\/p>","protected":false},"excerpt":{"rendered":"<ul>\n<li>Glasbecher mit Doppeldeckel.<\/li>\n<li>Knopf verriegelter Auslauf.<\/li>\n<li>Sicher und gro\u00dfer Silikon-Griff.<\/li>\n<\/ul>","protected":false},"featured_media":7796,"comment_status":"open","ping_status":"closed","template":"","meta":{"_acf_changed":false},"product_brand":[],"product_cat":[121,75],"product_tag":[],"class_list":{"0":"post-7782","1":"product","2":"type-product","3":"status-publish","4":"has-post-thumbnail","6":"product_cat-glass-mug","7":"product_cat-tumblers-mugs","9":"first","10":"instock","11":"shipping-taxable","12":"purchasable","13":"product-type-variable"},"acf":[],"_links":{"self":[{"href":"https:\/\/www.sinoglass.com\/de\/wp-json\/wp\/v2\/product\/7782","targetHints":{"allow":["GET"]}}],"collection":[{"href":"https:\/\/www.sinoglass.com\/de\/wp-json\/wp\/v2\/product"}],"about":[{"href":"https:\/\/www.sinoglass.com\/de\/wp-json\/wp\/v2\/types\/product"}],"replies":[{"embeddable":true,"href":"https:\/\/www.sinoglass.com\/de\/wp-json\/wp\/v2\/comments?post=7782"}],"wp:featuredmedia":[{"embeddable":true,"href":"https:\/\/www.sinoglass.com\/de\/wp-json\/wp\/v2\/media\/7796"}],"wp:attachment":[{"href":"https:\/\/www.sinoglass.com\/de\/wp-json\/wp\/v2\/media?parent=7782"}],"wp:term":[{"taxonomy":"product_brand","embeddable":true,"href":"https:\/\/www.sinoglass.com\/de\/wp-json\/wp\/v2\/product_brand?post=7782"},{"taxonomy":"product_cat","embeddable":true,"href":"https:\/\/www.sinoglass.com\/de\/wp-json\/wp\/v2\/product_cat?post=7782"},{"taxonomy":"product_tag","embeddable":true,"href":"https:\/\/www.sinoglass.com\/de\/wp-json\/wp\/v2\/product_tag?post=7782"}],"curies":[{"name":"WP","href":"https:\/\/api.w.org\/{rel}","templated":true}]}}