{"id":7779,"date":"2025-02-25T17:07:41","date_gmt":"2025-02-25T09:07:41","guid":{"rendered":"https:\/\/www.sinoglass.com\/?post_type=product&#038;p=7779"},"modified":"2025-02-26T11:35:06","modified_gmt":"2025-02-26T03:35:06","slug":"glass-coffee-tumbler-with-lid","status":"publish","type":"product","link":"https:\/\/www.sinoglass.com\/de\/product\/glass-coffee-tumbler-with-lid\/","title":{"rendered":"Glas Kaffeebecher mit Griff und SafeLOK Deckel #69551002"},"content":{"rendered":"<p>Beginnen Sie den Tag mit einem leckeren Kaffee. Sp\u00e4ter wird ein k\u00fchles Fruchtgetr\u00e4nk Ihren Durst stillen. Vielleicht&#8217; Ich will einen warmen, schmackhaften Tee am Nachmittag.  It&#8217; s ein ausgezeichneter Plan, m\u00f6glich mit einer SUPERB Tasse. Der ALL-OCCASION Glasbecher mit dem breiten Silikongriff ist sowohl f\u00fcr hei\u00dfe als auch f\u00fcr kalte Getr\u00e4nke hergestellt. Was auch immer Sie w\u00e4hlen, der SUPERB-Deckel verf\u00fcgt \u00fcber eine SafeLOK-Funktion, die den Deckel sicher h\u00e4lt, bis Sie&#8217; bereit zu trinken. Schiebe einfach das Schloss, um zu \u00f6ffnen, die bequeme Trinkm\u00fchle freisetzen. Tragen Sie die Tasse in Ihrer Tasche oder verwenden Sie den klappbaren Griff.<\/p>","protected":false},"excerpt":{"rendered":"<ul>\n<li>ALL-OCCASION Tasse mit SUPERB Deckel.<\/li>\n<li>Zwei Trinkm\u00f6glichkeiten: Kaffee, Teemeister.<\/li>\n<li>SafeLOK h\u00e4lt den Deckel gesperrt, bis Sie&#8217; bereit zu trinken.<\/li>\n<li>Bequemer, integrierter klappbarer Griff.<\/li>\n<li>Erh\u00e4ltlich in zwei Gr\u00f6\u00dfen und erg\u00e4nzenden Farben.<\/li>\n<\/ul>","protected":false},"featured_media":7807,"comment_status":"open","ping_status":"closed","template":"","meta":{"_acf_changed":false},"product_brand":[],"product_cat":[121,75],"product_tag":[],"class_list":{"0":"post-7779","1":"product","2":"type-product","3":"status-publish","4":"has-post-thumbnail","6":"product_cat-glass-mug","7":"product_cat-tumblers-mugs","9":"first","10":"instock","11":"shipping-taxable","12":"purchasable","13":"product-type-variable"},"acf":[],"_links":{"self":[{"href":"https:\/\/www.sinoglass.com\/de\/wp-json\/wp\/v2\/product\/7779","targetHints":{"allow":["GET"]}}],"collection":[{"href":"https:\/\/www.sinoglass.com\/de\/wp-json\/wp\/v2\/product"}],"about":[{"href":"https:\/\/www.sinoglass.com\/de\/wp-json\/wp\/v2\/types\/product"}],"replies":[{"embeddable":true,"href":"https:\/\/www.sinoglass.com\/de\/wp-json\/wp\/v2\/comments?post=7779"}],"wp:featuredmedia":[{"embeddable":true,"href":"https:\/\/www.sinoglass.com\/de\/wp-json\/wp\/v2\/media\/7807"}],"wp:attachment":[{"href":"https:\/\/www.sinoglass.com\/de\/wp-json\/wp\/v2\/media?parent=7779"}],"wp:term":[{"taxonomy":"product_brand","embeddable":true,"href":"https:\/\/www.sinoglass.com\/de\/wp-json\/wp\/v2\/product_brand?post=7779"},{"taxonomy":"product_cat","embeddable":true,"href":"https:\/\/www.sinoglass.com\/de\/wp-json\/wp\/v2\/product_cat?post=7779"},{"taxonomy":"product_tag","embeddable":true,"href":"https:\/\/www.sinoglass.com\/de\/wp-json\/wp\/v2\/product_tag?post=7779"}],"curies":[{"name":"WP","href":"https:\/\/api.w.org\/{rel}","templated":true}]}}