{"id":7766,"date":"2025-02-25T16:48:10","date_gmt":"2025-02-25T08:48:10","guid":{"rendered":"https:\/\/www.sinoglass.com\/?post_type=product&#038;p=7766"},"modified":"2025-02-25T17:06:48","modified_gmt":"2025-02-25T09:06:48","slug":"glass-coffee-travel-mug","status":"publish","type":"product","link":"https:\/\/www.sinoglass.com\/de\/product\/glass-coffee-travel-mug\/","title":{"rendered":"Glas Kaffee Reisebecher mit Deckel und Stroh #69151002"},"content":{"rendered":"<p>Einfach, schnell, vielseitig. Die ALL-OCCASION ist ideal f\u00fcr Zuhause, Pendeln oder im B\u00fcro. Hergestellt f\u00fcr hei\u00dfe und kalte Getr\u00e4nke, hat der Deckel zwei Trinkm\u00f6glichkeiten. \u00d6ffnen Sie den Trinkbereich f\u00fcr hei\u00dfe Getr\u00e4nke oder \u00f6ffnen Sie den Schluckstroh f\u00fcr kalte Getr\u00e4nke. Das langlebige Glas verf\u00fcgt \u00fcber einen komfortablen Silikon-Griffbereich in Ihrer Wahl von erg\u00e4nzenden Farben. Die ALL-OCCASION ist die einzige Tasse, die Sie \u00fcberall nehmen k\u00f6nnen, f\u00fcr alles, hei\u00df oder kalt.<\/p>","protected":false},"excerpt":{"rendered":"<ul>\n<li>Doppeldeckel f\u00fcr hei\u00dfe oder kalte Getr\u00e4nke.<\/li>\n<li>Umweltfreundliches Glas, Einwegstroh.<\/li>\n<li>Bequemer Silikon-Griff in komplement\u00e4ren Farben.<\/li>\n<\/ul>","protected":false},"featured_media":7772,"comment_status":"open","ping_status":"closed","template":"","meta":{"_acf_changed":false},"product_brand":[],"product_cat":[121,75],"product_tag":[],"class_list":{"0":"post-7766","1":"product","2":"type-product","3":"status-publish","4":"has-post-thumbnail","6":"product_cat-glass-mug","7":"product_cat-tumblers-mugs","9":"first","10":"instock","11":"shipping-taxable","12":"purchasable","13":"product-type-variable"},"acf":[],"_links":{"self":[{"href":"https:\/\/www.sinoglass.com\/de\/wp-json\/wp\/v2\/product\/7766","targetHints":{"allow":["GET"]}}],"collection":[{"href":"https:\/\/www.sinoglass.com\/de\/wp-json\/wp\/v2\/product"}],"about":[{"href":"https:\/\/www.sinoglass.com\/de\/wp-json\/wp\/v2\/types\/product"}],"replies":[{"embeddable":true,"href":"https:\/\/www.sinoglass.com\/de\/wp-json\/wp\/v2\/comments?post=7766"}],"wp:featuredmedia":[{"embeddable":true,"href":"https:\/\/www.sinoglass.com\/de\/wp-json\/wp\/v2\/media\/7772"}],"wp:attachment":[{"href":"https:\/\/www.sinoglass.com\/de\/wp-json\/wp\/v2\/media?parent=7766"}],"wp:term":[{"taxonomy":"product_brand","embeddable":true,"href":"https:\/\/www.sinoglass.com\/de\/wp-json\/wp\/v2\/product_brand?post=7766"},{"taxonomy":"product_cat","embeddable":true,"href":"https:\/\/www.sinoglass.com\/de\/wp-json\/wp\/v2\/product_cat?post=7766"},{"taxonomy":"product_tag","embeddable":true,"href":"https:\/\/www.sinoglass.com\/de\/wp-json\/wp\/v2\/product_tag?post=7766"}],"curies":[{"name":"WP","href":"https:\/\/api.w.org\/{rel}","templated":true}]}}