{"id":7741,"date":"2025-02-25T16:07:58","date_gmt":"2025-02-25T08:07:58","guid":{"rendered":"https:\/\/www.sinoglass.com\/?post_type=product&#038;p=7741"},"modified":"2026-04-16T15:32:25","modified_gmt":"2026-04-16T07:32:25","slug":"insulated-tumbler-with-straw","status":"publish","type":"product","link":"https:\/\/www.sinoglass.com\/de\/product\/insulated-tumbler-with-straw\/","title":{"rendered":"Isolierter Tumbler mit Stroh &#8211; DUAL-OPTION #69921001"},"content":{"rendered":"<p>TURNABOUT ist Fairplay f\u00fcr die Umwelt. Einfach und umweltfreundlich, unsere neue Edelstahlbecher geht \u00fcberall und bedeutet keine Papier- oder Kunststoffbecher mehr. Sie k\u00f6nnen aus einem Silikon-Auslauf trinken. Oder drehen Sie die Oberseite und legen Sie den Edelstahlstroh mit einer bequemen und weichen Silikonverl\u00e4ngerung.<\/p>","protected":false},"excerpt":{"rendered":"<ul>\n<li>Dual-Option-Becher, trinken Sie aus einem Auslauf oder einem Strohhalm.<\/li>\n<li>Abdeckung leicht abnehmbar zur Reinigung.<\/li>\n<li>Der Trinksprung ist weiches Silikon.<\/li>\n<li>Umweltfreundliches Edelstahlstroh mit weichem Silikonverl\u00e4ngerungsmittel.<\/li>\n<\/ul>","protected":false},"featured_media":7754,"comment_status":"open","ping_status":"closed","template":"","meta":{"_acf_changed":false},"product_brand":[],"product_cat":[128,75],"product_tag":[],"class_list":{"0":"post-7741","1":"product","2":"type-product","3":"status-publish","4":"has-post-thumbnail","6":"product_cat-insulated-mug","7":"product_cat-tumblers-mugs","9":"first","10":"instock","11":"shipping-taxable","12":"purchasable","13":"product-type-variable"},"acf":[],"_links":{"self":[{"href":"https:\/\/www.sinoglass.com\/de\/wp-json\/wp\/v2\/product\/7741","targetHints":{"allow":["GET"]}}],"collection":[{"href":"https:\/\/www.sinoglass.com\/de\/wp-json\/wp\/v2\/product"}],"about":[{"href":"https:\/\/www.sinoglass.com\/de\/wp-json\/wp\/v2\/types\/product"}],"replies":[{"embeddable":true,"href":"https:\/\/www.sinoglass.com\/de\/wp-json\/wp\/v2\/comments?post=7741"}],"wp:featuredmedia":[{"embeddable":true,"href":"https:\/\/www.sinoglass.com\/de\/wp-json\/wp\/v2\/media\/7754"}],"wp:attachment":[{"href":"https:\/\/www.sinoglass.com\/de\/wp-json\/wp\/v2\/media?parent=7741"}],"wp:term":[{"taxonomy":"product_brand","embeddable":true,"href":"https:\/\/www.sinoglass.com\/de\/wp-json\/wp\/v2\/product_brand?post=7741"},{"taxonomy":"product_cat","embeddable":true,"href":"https:\/\/www.sinoglass.com\/de\/wp-json\/wp\/v2\/product_cat?post=7741"},{"taxonomy":"product_tag","embeddable":true,"href":"https:\/\/www.sinoglass.com\/de\/wp-json\/wp\/v2\/product_tag?post=7741"}],"curies":[{"name":"WP","href":"https:\/\/api.w.org\/{rel}","templated":true}]}}