{"id":7723,"date":"2025-02-25T15:14:03","date_gmt":"2025-02-25T07:14:03","guid":{"rendered":"https:\/\/www.sinoglass.com\/?post_type=product&#038;p=7723"},"modified":"2026-04-16T15:32:32","modified_gmt":"2026-04-16T07:32:32","slug":"hot-and-cold-water-tumbler","status":"publish","type":"product","link":"https:\/\/www.sinoglass.com\/de\/product\/hot-and-cold-water-tumbler\/","title":{"rendered":"Hei\u00dfes und kaltes Wasser Tumbler &#8211; TRIPLE SIP Nr. 69666002"},"content":{"rendered":"<p>Der TRIPLE SIP bietet Ihnen drei M\u00f6glichkeiten, den Kanten Ihres Durstes zu entfernen. F\u00fcr ein hei\u00dfes oder kaltes Getr\u00e4nk drehen Sie die Registerkarte auf einer Seite und trinken Sie aus einem gro\u00dfz\u00fcgigen Auslauf. F\u00fcr kalte Getr\u00e4nke \u00f6ffnen Sie die andere Seite, um von einem vollst\u00e4ndig versteckten und integrierten Strohhalm zu schlucken. Oder entfernen Sie das Strohhalm, \u00f6ffnen Sie die zentrale Registerkarte und legen Sie das Strohhalm in die Mitte, wo es&#8217; Sofort verf\u00fcgbar. Es kann vollst\u00e4ndig versiegelt werden, um Leckagen zu verhindern, und das Innere ist einfach und einfach zu reinigen. Du bekommst drei M\u00f6glichkeiten, deinen durstigen Rand jederzeit und auf jede Weise zu entfernen, die dem Moment entspricht.<\/p>","protected":false},"excerpt":{"rendered":"<ul>\n<li>Drei Hydrationsm\u00f6glichkeiten<\/li>\n<li>Gro\u00dfz\u00fcgiger Auslauf auf einer Seite.  \u2014\u2014 Sie k\u00f6nnen hei\u00dfe Getr\u00e4nke wie hei\u00dfen Kaffee und hei\u00dfen Tee genie\u00dfen<\/li>\n<li>Zentrale \u00d6ffnung, um das Stroh zu platzieren.  \u2014\u2014 Nat\u00fcrlich, wenn Sie noch ein Stroh verwenden m\u00f6chten, bieten wir auch eine L\u00f6sung. Das Strohloch in der Mitte kann verwendet oder versiegelt werden.<\/li>\n<li>Integriertes und verstecktes Stroh auf der anderen Seite. Sie k\u00f6nnen alle Arten von Eisgetr\u00e4nken ohne Strohhalm genie\u00dfen, keine Notwendigkeit, Strohhalme mit Ihnen zu tragen, und Sie k\u00f6nnen die \u00d6ffnung versiegeln, wenn Sie aufh\u00f6ren zu trinken.<\/li>\n<\/ul>","protected":false},"featured_media":7733,"comment_status":"open","ping_status":"closed","template":"","meta":{"_acf_changed":false},"product_brand":[],"product_cat":[128,75],"product_tag":[],"class_list":{"0":"post-7723","1":"product","2":"type-product","3":"status-publish","4":"has-post-thumbnail","6":"product_cat-insulated-mug","7":"product_cat-tumblers-mugs","9":"first","10":"instock","11":"shipping-taxable","12":"purchasable","13":"product-type-variable"},"acf":[],"_links":{"self":[{"href":"https:\/\/www.sinoglass.com\/de\/wp-json\/wp\/v2\/product\/7723","targetHints":{"allow":["GET"]}}],"collection":[{"href":"https:\/\/www.sinoglass.com\/de\/wp-json\/wp\/v2\/product"}],"about":[{"href":"https:\/\/www.sinoglass.com\/de\/wp-json\/wp\/v2\/types\/product"}],"replies":[{"embeddable":true,"href":"https:\/\/www.sinoglass.com\/de\/wp-json\/wp\/v2\/comments?post=7723"}],"wp:featuredmedia":[{"embeddable":true,"href":"https:\/\/www.sinoglass.com\/de\/wp-json\/wp\/v2\/media\/7733"}],"wp:attachment":[{"href":"https:\/\/www.sinoglass.com\/de\/wp-json\/wp\/v2\/media?parent=7723"}],"wp:term":[{"taxonomy":"product_brand","embeddable":true,"href":"https:\/\/www.sinoglass.com\/de\/wp-json\/wp\/v2\/product_brand?post=7723"},{"taxonomy":"product_cat","embeddable":true,"href":"https:\/\/www.sinoglass.com\/de\/wp-json\/wp\/v2\/product_cat?post=7723"},{"taxonomy":"product_tag","embeddable":true,"href":"https:\/\/www.sinoglass.com\/de\/wp-json\/wp\/v2\/product_tag?post=7723"}],"curies":[{"name":"WP","href":"https:\/\/api.w.org\/{rel}","templated":true}]}}