{"id":7630,"date":"2025-02-11T14:10:56","date_gmt":"2025-02-11T06:10:56","guid":{"rendered":"https:\/\/www.sinoglass.com\/?post_type=product&#038;p=7630"},"modified":"2025-02-11T14:57:55","modified_gmt":"2025-02-11T06:57:55","slug":"plastic-salt-pepper-shakers","status":"publish","type":"product","link":"https:\/\/www.sinoglass.com\/de\/product\/plastic-salt-pepper-shakers\/","title":{"rendered":"Kunststoffsalz &#038; Pfeffersch\u00fctter MAGNETISCHE HANGER #8960200001"},"content":{"rendered":"<p>MAGNETO SPICE verf\u00fcgt \u00fcber einen harten Kunststoffk\u00f6rper mit einer ungew\u00f6hnlichen Ber\u00fchrung \u2013 einen Magnetstreifen zum Aufh\u00e4ngen an einer Metalloberfl\u00e4che Ihrer Wahl. Neue Aufbewahrungspl\u00e4tze sind m\u00f6glich, wenn Sie einen Shaker-Set an Ihren K\u00fchlschrank, Messerst\u00e4nder, Herd oder \u00fcberall angebracht haben.  You&#8217; Ich werde ein Gespr\u00e4ch beginnen und gleichzeitig ein tolles Set haben.<\/p>","protected":false},"excerpt":{"rendered":"<ul>\n<li>Haltbarer Kunststoffk\u00f6rper.<\/li>\n<li>Neues Deckeldesign.<\/li>\n<li>Magnetischer Aufh\u00e4ngstreifen.<\/li>\n<\/ul>","protected":false},"featured_media":7642,"comment_status":"open","ping_status":"closed","template":"","meta":{"_acf_changed":false},"product_brand":[],"product_cat":[109,108,70],"product_tag":[],"class_list":{"0":"post-7630","1":"product","2":"type-product","3":"status-publish","4":"has-post-thumbnail","6":"product_cat-magnetic-spice-jars","7":"product_cat-spice-jars","8":"product_cat-spice-racks","10":"first","11":"instock","12":"shipping-taxable","13":"purchasable","14":"product-type-variable"},"acf":[],"_links":{"self":[{"href":"https:\/\/www.sinoglass.com\/de\/wp-json\/wp\/v2\/product\/7630","targetHints":{"allow":["GET"]}}],"collection":[{"href":"https:\/\/www.sinoglass.com\/de\/wp-json\/wp\/v2\/product"}],"about":[{"href":"https:\/\/www.sinoglass.com\/de\/wp-json\/wp\/v2\/types\/product"}],"replies":[{"embeddable":true,"href":"https:\/\/www.sinoglass.com\/de\/wp-json\/wp\/v2\/comments?post=7630"}],"wp:featuredmedia":[{"embeddable":true,"href":"https:\/\/www.sinoglass.com\/de\/wp-json\/wp\/v2\/media\/7642"}],"wp:attachment":[{"href":"https:\/\/www.sinoglass.com\/de\/wp-json\/wp\/v2\/media?parent=7630"}],"wp:term":[{"taxonomy":"product_brand","embeddable":true,"href":"https:\/\/www.sinoglass.com\/de\/wp-json\/wp\/v2\/product_brand?post=7630"},{"taxonomy":"product_cat","embeddable":true,"href":"https:\/\/www.sinoglass.com\/de\/wp-json\/wp\/v2\/product_cat?post=7630"},{"taxonomy":"product_tag","embeddable":true,"href":"https:\/\/www.sinoglass.com\/de\/wp-json\/wp\/v2\/product_tag?post=7630"}],"curies":[{"name":"WP","href":"https:\/\/api.w.org\/{rel}","templated":true}]}}