{"id":7617,"date":"2025-02-11T13:37:19","date_gmt":"2025-02-11T05:37:19","guid":{"rendered":"https:\/\/www.sinoglass.com\/?post_type=product&#038;p=7617"},"modified":"2026-04-16T15:34:06","modified_gmt":"2026-04-16T07:34:06","slug":"double-drink-tritan-water-bottles","status":"publish","type":"product","link":"https:\/\/www.sinoglass.com\/de\/product\/double-drink-tritan-water-bottles\/","title":{"rendered":"Doppelte Trinkhydration f\u00fcr den gro\u00dfen Tag #69896004"},"content":{"rendered":"<p>Ein langer Tag der Aktivit\u00e4t steht vor Ihnen, und die DOUBLE DRINK EXTRA MILE ist das, was Sie f\u00fcr die ganzt\u00e4gige Hydration brauchen. Langlebiger BPA-freier Kunststoff, effizient und sicher \u2013 das Silikonstrom auf der einen Seite gewonnen&#8217; t Leck, wenn der Deckel geschlossen wird; der Trinkauslauf auf der anderen Seite ist abgedeckt und verschlossen, um vor Leckagen zu sch\u00fctzen. Dr\u00fccken Sie den Knopf, nehmen Sie einen Schluck. Unsere neue EXTRA MILE macht die lange Reise zu einer gesunden und nat\u00fcrlichen Option.<\/p>","protected":false},"excerpt":{"rendered":"<ul>\n<li>Doppeldeckeldesign, BPA-freie Sportflasche.<\/li>\n<li>Kompakter Klappgriff f\u00fcr einfaches Tragen.<\/li>\n<li>Trinken Sie von einer Seite oder schlucken Sie aus einem Silikonstrom.<\/li>\n<li>Knopf verriegelter Auslauf.<\/li>\n<li>Sicherer und robuster BPA-freier Kunststoff.<\/li>\n<li>Gro\u00dfe Kapazit\u00e4t f\u00fcr die ganzt\u00e4gige Hydration.<\/li>\n<li>Perfekt f\u00fcr Outdoor-Aktivit\u00e4ten.<\/li>\n<\/ul>","protected":false},"featured_media":7621,"comment_status":"open","ping_status":"closed","template":"","meta":{"_acf_changed":false},"product_brand":[],"product_cat":[74,92],"product_tag":[],"class_list":{"0":"post-7617","1":"product","2":"type-product","3":"status-publish","4":"has-post-thumbnail","6":"product_cat-tritan-plastic-bottle","7":"product_cat-water-bottles","9":"first","10":"instock","11":"shipping-taxable","12":"purchasable","13":"product-type-variable"},"acf":[],"_links":{"self":[{"href":"https:\/\/www.sinoglass.com\/de\/wp-json\/wp\/v2\/product\/7617","targetHints":{"allow":["GET"]}}],"collection":[{"href":"https:\/\/www.sinoglass.com\/de\/wp-json\/wp\/v2\/product"}],"about":[{"href":"https:\/\/www.sinoglass.com\/de\/wp-json\/wp\/v2\/types\/product"}],"replies":[{"embeddable":true,"href":"https:\/\/www.sinoglass.com\/de\/wp-json\/wp\/v2\/comments?post=7617"}],"wp:featuredmedia":[{"embeddable":true,"href":"https:\/\/www.sinoglass.com\/de\/wp-json\/wp\/v2\/media\/7621"}],"wp:attachment":[{"href":"https:\/\/www.sinoglass.com\/de\/wp-json\/wp\/v2\/media?parent=7617"}],"wp:term":[{"taxonomy":"product_brand","embeddable":true,"href":"https:\/\/www.sinoglass.com\/de\/wp-json\/wp\/v2\/product_brand?post=7617"},{"taxonomy":"product_cat","embeddable":true,"href":"https:\/\/www.sinoglass.com\/de\/wp-json\/wp\/v2\/product_cat?post=7617"},{"taxonomy":"product_tag","embeddable":true,"href":"https:\/\/www.sinoglass.com\/de\/wp-json\/wp\/v2\/product_tag?post=7617"}],"curies":[{"name":"WP","href":"https:\/\/api.w.org\/{rel}","templated":true}]}}