{"id":7572,"date":"2025-02-10T14:22:29","date_gmt":"2025-02-10T06:22:29","guid":{"rendered":"https:\/\/www.sinoglass.com\/?post_type=product&#038;p=7572"},"modified":"2026-04-16T15:34:00","modified_gmt":"2026-04-16T07:34:00","slug":"large-capacity-thermal-bottle","status":"publish","type":"product","link":"https:\/\/www.sinoglass.com\/de\/product\/large-capacity-thermal-bottle\/","title":{"rendered":"Doppelte Getr\u00e4nk gro\u00dfe Kapazit\u00e4t Thermoflasche #69906004"},"content":{"rendered":"<p>K\u00fchle und hei\u00dfe Tage k\u00f6nnen beide lange Tage sein. Du brauchst genug, um zu halten, und DOUBLE DRINK BIG T wird es dir geben. Doppelwand Edelstahl h\u00e4lt einen Tag&#8217; Wert der Temperatur. Die Doppelgetr\u00e4nkstechnologie bedeutet, dass Sie auf einen Knopf dr\u00fccken k\u00f6nnen, um die ersten Schlucke hei\u00dfer Kaffee oder Tee aus einem weichen Silikon-Auslauf zu genie\u00dfen. F\u00fcr ein kaltes Getr\u00e4nk ist das Silikonstrom auf der anderen Seite genau das, was Sie brauchen.<\/p>","protected":false},"excerpt":{"rendered":"<ul>\n<li>Doppeldeckel f\u00fcr hei\u00dfe oder kalte Getr\u00e4nke.<\/li>\n<li>Doppelwand Edelstahl<\/li>\n<li>Gro\u00dfe Kapazit\u00e4t, perfekt f\u00fcr einen langen Tag.<\/li>\n<li>Kompakter Klappgriff f\u00fcr einfaches Tragen.<\/li>\n<li>Leichter G\u00fcrtel f\u00fcr sorgloses Reisen.<\/li>\n<li>Trinken Sie von einer Seite oder schlucken Sie von einem BPA-freien Strohhalm.<\/li>\n<li>Knopf verriegelter Auslauf.<\/li>\n<\/ul>","protected":false},"featured_media":7577,"comment_status":"open","ping_status":"closed","template":"","meta":{"_acf_changed":false},"product_brand":[],"product_cat":[73,92],"product_tag":[],"class_list":{"0":"post-7572","1":"product","2":"type-product","3":"status-publish","4":"has-post-thumbnail","6":"product_cat-insulated-bottle","7":"product_cat-water-bottles","9":"first","10":"instock","11":"shipping-taxable","12":"purchasable","13":"product-type-variable"},"acf":[],"_links":{"self":[{"href":"https:\/\/www.sinoglass.com\/de\/wp-json\/wp\/v2\/product\/7572","targetHints":{"allow":["GET"]}}],"collection":[{"href":"https:\/\/www.sinoglass.com\/de\/wp-json\/wp\/v2\/product"}],"about":[{"href":"https:\/\/www.sinoglass.com\/de\/wp-json\/wp\/v2\/types\/product"}],"replies":[{"embeddable":true,"href":"https:\/\/www.sinoglass.com\/de\/wp-json\/wp\/v2\/comments?post=7572"}],"wp:featuredmedia":[{"embeddable":true,"href":"https:\/\/www.sinoglass.com\/de\/wp-json\/wp\/v2\/media\/7577"}],"wp:attachment":[{"href":"https:\/\/www.sinoglass.com\/de\/wp-json\/wp\/v2\/media?parent=7572"}],"wp:term":[{"taxonomy":"product_brand","embeddable":true,"href":"https:\/\/www.sinoglass.com\/de\/wp-json\/wp\/v2\/product_brand?post=7572"},{"taxonomy":"product_cat","embeddable":true,"href":"https:\/\/www.sinoglass.com\/de\/wp-json\/wp\/v2\/product_cat?post=7572"},{"taxonomy":"product_tag","embeddable":true,"href":"https:\/\/www.sinoglass.com\/de\/wp-json\/wp\/v2\/product_tag?post=7572"}],"curies":[{"name":"WP","href":"https:\/\/api.w.org\/{rel}","templated":true}]}}