{"id":7559,"date":"2025-02-10T13:48:25","date_gmt":"2025-02-10T05:48:25","guid":{"rendered":"https:\/\/www.sinoglass.com\/?post_type=product&#038;p=7559"},"modified":"2026-04-16T15:33:47","modified_gmt":"2026-04-16T07:33:47","slug":"portable-glass-tea-brewer","status":"publish","type":"product","link":"https:\/\/www.sinoglass.com\/de\/product\/portable-glass-tea-brewer\/","title":{"rendered":"Tragbare Glas Tee Brauer Flasche- reiner Tee #69844002"},"content":{"rendered":"<p>K\u00f6rpergesundheit und Erdgesundheit verbinden sich in unserer tragbaren Teemaschine aus Borosilikatglas. Genie\u00dfen Sie die Vorteile von frischem Blatttee in unserem umweltfreundlichen PURE TEA mit seinem Teefilter aus Edelstahl, Silikondichtungen und Edelstahldekorativem Ring. Der 350ml\/12 oz. Brauer ist doppelwandiges Glas, das Ihre H\u00e4nde vor Hitze sch\u00fctzt und Sie die reiche Teefarbe genie\u00dfen l\u00e4sst.<\/p>","protected":false},"excerpt":{"rendered":"<ul>\n<li>Erdfreundliches Borosilikatglas.<\/li>\n<li>Dekorativer Ring aus Edelstahl mit Silikon.<\/li>\n<li>Silikondichtungen, Teefilter aus Edelstahl.<\/li>\n<li>Oberer und unterer Abschnitt zum Brauen\/Trinken.<\/li>\n<li>350ml\/12 oz. Doppelwandglas.<\/li>\n<li>Aus der ECO. LIFE Sammlung.<\/li>\n<\/ul>","protected":false},"featured_media":7569,"comment_status":"open","ping_status":"closed","template":"","meta":{"_acf_changed":false},"product_brand":[],"product_cat":[218,90,95,92],"product_tag":[],"class_list":{"0":"post-7559","1":"product","2":"type-product","3":"status-publish","4":"has-post-thumbnail","6":"product_cat-eco-friendly","7":"product_cat-glass-bottle","8":"product_cat-infuser-series","9":"product_cat-water-bottles","11":"first","12":"instock","13":"shipping-taxable","14":"purchasable","15":"product-type-variable"},"acf":[],"_links":{"self":[{"href":"https:\/\/www.sinoglass.com\/de\/wp-json\/wp\/v2\/product\/7559","targetHints":{"allow":["GET"]}}],"collection":[{"href":"https:\/\/www.sinoglass.com\/de\/wp-json\/wp\/v2\/product"}],"about":[{"href":"https:\/\/www.sinoglass.com\/de\/wp-json\/wp\/v2\/types\/product"}],"replies":[{"embeddable":true,"href":"https:\/\/www.sinoglass.com\/de\/wp-json\/wp\/v2\/comments?post=7559"}],"wp:featuredmedia":[{"embeddable":true,"href":"https:\/\/www.sinoglass.com\/de\/wp-json\/wp\/v2\/media\/7569"}],"wp:attachment":[{"href":"https:\/\/www.sinoglass.com\/de\/wp-json\/wp\/v2\/media?parent=7559"}],"wp:term":[{"taxonomy":"product_brand","embeddable":true,"href":"https:\/\/www.sinoglass.com\/de\/wp-json\/wp\/v2\/product_brand?post=7559"},{"taxonomy":"product_cat","embeddable":true,"href":"https:\/\/www.sinoglass.com\/de\/wp-json\/wp\/v2\/product_cat?post=7559"},{"taxonomy":"product_tag","embeddable":true,"href":"https:\/\/www.sinoglass.com\/de\/wp-json\/wp\/v2\/product_tag?post=7559"}],"curies":[{"name":"WP","href":"https:\/\/api.w.org\/{rel}","templated":true}]}}