{"id":7544,"date":"2025-02-10T13:08:55","date_gmt":"2025-02-10T05:08:55","guid":{"rendered":"https:\/\/www.sinoglass.com\/?post_type=product&#038;p=7544"},"modified":"2026-04-16T15:32:19","modified_gmt":"2026-04-16T07:32:19","slug":"large-glass-tumbler","status":"publish","type":"product","link":"https:\/\/www.sinoglass.com\/de\/product\/large-glass-tumbler\/","title":{"rendered":"Gro\u00dfes Glas Tumbler geh\u00e4rtetes Glas Deckel #69834002"},"content":{"rendered":"<p>Halten Sie ein reines Gewissen, wenn Sie Ihren gro\u00dfen Durst mit CLEAR DAY befriedigen. Drei nachhaltige Materialien verbinden sich in diesem sicheren und umweltfreundlichen Borosilikatglasbecher. Ein langes Edelstahlstroh wird durch einen Silikonstecker stabilisiert. Der Stecker ist ein Siliziumfilter, der den Boden des Tumblers sch\u00fctzt. Das Hinzuf\u00fcgen von Obst zu einem infundierten Getr\u00e4nk ist kein Problem. Eine weiche Basis sch\u00fctzt den Boden. F\u00fcllen Sie es, legen Sie es auf Ihren Schreibtisch, und Sie&#8217; Re-Set f\u00fcr den ganzen Tag.<\/p>","protected":false},"excerpt":{"rendered":"<ul>\n<li>Erdfreundliches Borosilikatglas.<\/li>\n<li>Sichere und weiche Silikonbasis.<\/li>\n<li>Edelstahlstroh.<\/li>\n<li>Schutz Silikon Filter \/ Strohhalter.<\/li>\n<li>Gro\u00dfer, komfortabler Griff.<\/li>\n<li>Aus der ECO. LIFE Sammlung.<\/li>\n<\/ul>","protected":false},"featured_media":7555,"comment_status":"open","ping_status":"closed","template":"","meta":{"_acf_changed":false},"product_brand":[],"product_cat":[218,121,75],"product_tag":[],"class_list":{"0":"post-7544","1":"product","2":"type-product","3":"status-publish","4":"has-post-thumbnail","6":"product_cat-eco-friendly","7":"product_cat-glass-mug","8":"product_cat-tumblers-mugs","10":"first","11":"instock","12":"shipping-taxable","13":"purchasable","14":"product-type-variable"},"acf":[],"_links":{"self":[{"href":"https:\/\/www.sinoglass.com\/de\/wp-json\/wp\/v2\/product\/7544","targetHints":{"allow":["GET"]}}],"collection":[{"href":"https:\/\/www.sinoglass.com\/de\/wp-json\/wp\/v2\/product"}],"about":[{"href":"https:\/\/www.sinoglass.com\/de\/wp-json\/wp\/v2\/types\/product"}],"replies":[{"embeddable":true,"href":"https:\/\/www.sinoglass.com\/de\/wp-json\/wp\/v2\/comments?post=7544"}],"wp:featuredmedia":[{"embeddable":true,"href":"https:\/\/www.sinoglass.com\/de\/wp-json\/wp\/v2\/media\/7555"}],"wp:attachment":[{"href":"https:\/\/www.sinoglass.com\/de\/wp-json\/wp\/v2\/media?parent=7544"}],"wp:term":[{"taxonomy":"product_brand","embeddable":true,"href":"https:\/\/www.sinoglass.com\/de\/wp-json\/wp\/v2\/product_brand?post=7544"},{"taxonomy":"product_cat","embeddable":true,"href":"https:\/\/www.sinoglass.com\/de\/wp-json\/wp\/v2\/product_cat?post=7544"},{"taxonomy":"product_tag","embeddable":true,"href":"https:\/\/www.sinoglass.com\/de\/wp-json\/wp\/v2\/product_tag?post=7544"}],"curies":[{"name":"WP","href":"https:\/\/api.w.org\/{rel}","templated":true}]}}