{"id":7469,"date":"2025-02-08T17:03:39","date_gmt":"2025-02-08T09:03:39","guid":{"rendered":"https:\/\/www.sinoglass.com\/?post_type=product&#038;p=7469"},"modified":"2026-04-16T15:31:23","modified_gmt":"2026-04-16T07:31:23","slug":"glass-salt-pepper-mills","status":"publish","type":"product","link":"https:\/\/www.sinoglass.com\/de\/product\/glass-salt-pepper-mills\/","title":{"rendered":"Glas Salz-\/Pfefferm\u00fchlen #79442003"},"content":{"rendered":"<p>Eine umgekehrte M\u00fchle kann sowohl in Ihrer K\u00fcche als auch auf Ihrem Tisch Platz haben. Die TOP OVER M\u00fchle ist in drei Gr\u00f6\u00dfen erh\u00e4ltlich. Die 5-Zoll-Version ist eine perfekte Tischplatte-Erg\u00e4nzung. F\u00fcr mehr K\u00fcchenkapazit\u00e4t bieten die 6- und 8-Zoll-Optionen viel frisches gemahlenes Salz und Pfeffer f\u00fcr alle Ihre Kochabenteuer. Drei Farbauswahlen bieten auch Stilm\u00f6glichkeiten.<\/p>","protected":false},"excerpt":{"rendered":"<ul>\n<li>Glask\u00f6rper umgekehrt M\u00fchle.<\/li>\n<li>Keramischer Mechanismus verstellbar von fein bis grob.<\/li>\n<li>Komfortables und gro\u00dfes Schleifrad.<\/li>\n<li>Erh\u00e4ltlich in den Gr\u00f6\u00dfen 5, 6 und 8 Zoll.<\/li>\n<li>Wahl zwischen schwarzem, wei\u00dfem oder grauem Top.<\/li>\n<\/ul>","protected":false},"featured_media":7471,"comment_status":"open","ping_status":"closed","template":"","meta":{"_acf_changed":false},"product_brand":[],"product_cat":[268,71],"product_tag":[],"class_list":{"0":"post-7469","1":"product","2":"type-product","3":"status-publish","4":"has-post-thumbnail","6":"product_cat-glass-plastic-mills","7":"product_cat-mills-grinders","9":"first","10":"instock","11":"shipping-taxable","12":"purchasable","13":"product-type-variable"},"acf":[],"_links":{"self":[{"href":"https:\/\/www.sinoglass.com\/de\/wp-json\/wp\/v2\/product\/7469","targetHints":{"allow":["GET"]}}],"collection":[{"href":"https:\/\/www.sinoglass.com\/de\/wp-json\/wp\/v2\/product"}],"about":[{"href":"https:\/\/www.sinoglass.com\/de\/wp-json\/wp\/v2\/types\/product"}],"replies":[{"embeddable":true,"href":"https:\/\/www.sinoglass.com\/de\/wp-json\/wp\/v2\/comments?post=7469"}],"wp:featuredmedia":[{"embeddable":true,"href":"https:\/\/www.sinoglass.com\/de\/wp-json\/wp\/v2\/media\/7471"}],"wp:attachment":[{"href":"https:\/\/www.sinoglass.com\/de\/wp-json\/wp\/v2\/media?parent=7469"}],"wp:term":[{"taxonomy":"product_brand","embeddable":true,"href":"https:\/\/www.sinoglass.com\/de\/wp-json\/wp\/v2\/product_brand?post=7469"},{"taxonomy":"product_cat","embeddable":true,"href":"https:\/\/www.sinoglass.com\/de\/wp-json\/wp\/v2\/product_cat?post=7469"},{"taxonomy":"product_tag","embeddable":true,"href":"https:\/\/www.sinoglass.com\/de\/wp-json\/wp\/v2\/product_tag?post=7469"}],"curies":[{"name":"WP","href":"https:\/\/api.w.org\/{rel}","templated":true}]}}