{"id":7454,"date":"2025-02-08T16:52:41","date_gmt":"2025-02-08T08:52:41","guid":{"rendered":"https:\/\/www.sinoglass.com\/?post_type=product&#038;p=7454"},"modified":"2025-10-21T13:36:00","modified_gmt":"2025-10-21T05:36:00","slug":"clear-glass-oil-and-vinegar-dispenser","status":"publish","type":"product","link":"https:\/\/www.sinoglass.com\/de\/product\/clear-glass-oil-and-vinegar-dispenser\/","title":{"rendered":"Transparentes Glas \u00d6l und Essig Spender Doppel Gie\u00dfen Auslauf #79452001"},"content":{"rendered":"<p>Saubere Linien und ein Silikon-Auslauf k\u00f6nnten alles sein, was Sie f\u00fcr ein stilvolles O \/ V-Flaschenset ben\u00f6tigen. Ein bew\u00e4hrtes Flaschendesign ist mit einem Plastikdeckel \u00fcberzogen. Eine transparente Kappe schnappt \u00fcber den tropffreien Doppelauslass, ein besonderer Vorteil, der es Ihnen erm\u00f6glicht, hohe oder niedrige Volumen zu w\u00e4hlen. Drei verf\u00fcgbare Gr\u00f6\u00dfen bieten Ihnen mehrere Optionen, wie das Platzieren verschiedener Sets in Ihrer K\u00fcche und auf Ihrem Tisch.<\/p>","protected":false},"excerpt":{"rendered":"<ul>\n<li>Glas O\/V Flaschenset.<\/li>\n<li>Silikon Non-Tropfen Auslauf, zwei Gie\u00dfm\u00f6glichkeiten.<\/li>\n<li>Transparente snap-on Staubabdeckung.<\/li>\n<li>Drei verf\u00fcgbare Gr\u00f6\u00dfen.<\/li>\n<\/ul>","protected":false},"featured_media":7465,"comment_status":"open","ping_status":"closed","template":"","meta":{"_acf_changed":false},"product_brand":[],"product_cat":[69,250],"product_tag":[],"class_list":{"0":"post-7454","1":"product","2":"type-product","3":"status-publish","4":"has-post-thumbnail","6":"product_cat-oil-dispensers","7":"product_cat-oil-vinegar-dispenser","9":"first","10":"instock","11":"shipping-taxable","12":"purchasable","13":"product-type-variable"},"acf":[],"_links":{"self":[{"href":"https:\/\/www.sinoglass.com\/de\/wp-json\/wp\/v2\/product\/7454","targetHints":{"allow":["GET"]}}],"collection":[{"href":"https:\/\/www.sinoglass.com\/de\/wp-json\/wp\/v2\/product"}],"about":[{"href":"https:\/\/www.sinoglass.com\/de\/wp-json\/wp\/v2\/types\/product"}],"replies":[{"embeddable":true,"href":"https:\/\/www.sinoglass.com\/de\/wp-json\/wp\/v2\/comments?post=7454"}],"wp:featuredmedia":[{"embeddable":true,"href":"https:\/\/www.sinoglass.com\/de\/wp-json\/wp\/v2\/media\/7465"}],"wp:attachment":[{"href":"https:\/\/www.sinoglass.com\/de\/wp-json\/wp\/v2\/media?parent=7454"}],"wp:term":[{"taxonomy":"product_brand","embeddable":true,"href":"https:\/\/www.sinoglass.com\/de\/wp-json\/wp\/v2\/product_brand?post=7454"},{"taxonomy":"product_cat","embeddable":true,"href":"https:\/\/www.sinoglass.com\/de\/wp-json\/wp\/v2\/product_cat?post=7454"},{"taxonomy":"product_tag","embeddable":true,"href":"https:\/\/www.sinoglass.com\/de\/wp-json\/wp\/v2\/product_tag?post=7454"}],"curies":[{"name":"WP","href":"https:\/\/api.w.org\/{rel}","templated":true}]}}