{"id":7441,"date":"2025-02-08T16:39:09","date_gmt":"2025-02-08T08:39:09","guid":{"rendered":"https:\/\/www.sinoglass.com\/?post_type=product&#038;p=7441"},"modified":"2026-04-16T15:34:39","modified_gmt":"2026-04-16T07:34:39","slug":"tumbler-for-hot-cold","status":"publish","type":"product","link":"https:\/\/www.sinoglass.com\/de\/product\/tumbler-for-hot-cold\/","title":{"rendered":"Alle Gelegenheit S.S Multi-Use Tumbler f\u00fcr Hot &#038;  Cold #6969600201"},"content":{"rendered":"<p>Die ALL-OCCASION ist ein hei\u00dfes Produkt f\u00fcr den t\u00e4glichen Gebrauch, und die neue Edelstahlversion bietet noch mehr M\u00f6glichkeiten. Genie\u00dfen Sie Ihr Getr\u00e4nk bei der gew\u00fcnschten Temperatur f\u00fcr viele Stunden, und es sieht auch toll aus. Mit integriertem Klappgriff und verstellbarem Tragegurt ist die ALL-OCASSION<\/p>","protected":false},"excerpt":{"rendered":"<ul>\n<li>Zwei Trinkm\u00f6glichkeiten, Stroh f\u00fcr kalte Getr\u00e4nke, Auslauf f\u00fcr hei\u00dfe.<\/li>\n<li>Thermischer Edelstahl f\u00fcr zuverl\u00e4ssige Temperatur.<\/li>\n<li>Integrierter Klappgriff und abnehmbarer Tragurt.<\/li>\n<li>Abnehmbares und Wegwerfstroh.<\/li>\n<\/ul>","protected":false},"featured_media":7448,"comment_status":"open","ping_status":"closed","template":"","meta":{"_acf_changed":false},"product_brand":[],"product_cat":[128,75],"product_tag":[],"class_list":{"0":"post-7441","1":"product","2":"type-product","3":"status-publish","4":"has-post-thumbnail","6":"product_cat-insulated-mug","7":"product_cat-tumblers-mugs","9":"first","10":"instock","11":"shipping-taxable","12":"purchasable","13":"product-type-variable"},"acf":[],"_links":{"self":[{"href":"https:\/\/www.sinoglass.com\/de\/wp-json\/wp\/v2\/product\/7441","targetHints":{"allow":["GET"]}}],"collection":[{"href":"https:\/\/www.sinoglass.com\/de\/wp-json\/wp\/v2\/product"}],"about":[{"href":"https:\/\/www.sinoglass.com\/de\/wp-json\/wp\/v2\/types\/product"}],"replies":[{"embeddable":true,"href":"https:\/\/www.sinoglass.com\/de\/wp-json\/wp\/v2\/comments?post=7441"}],"wp:featuredmedia":[{"embeddable":true,"href":"https:\/\/www.sinoglass.com\/de\/wp-json\/wp\/v2\/media\/7448"}],"wp:attachment":[{"href":"https:\/\/www.sinoglass.com\/de\/wp-json\/wp\/v2\/media?parent=7441"}],"wp:term":[{"taxonomy":"product_brand","embeddable":true,"href":"https:\/\/www.sinoglass.com\/de\/wp-json\/wp\/v2\/product_brand?post=7441"},{"taxonomy":"product_cat","embeddable":true,"href":"https:\/\/www.sinoglass.com\/de\/wp-json\/wp\/v2\/product_cat?post=7441"},{"taxonomy":"product_tag","embeddable":true,"href":"https:\/\/www.sinoglass.com\/de\/wp-json\/wp\/v2\/product_tag?post=7441"}],"curies":[{"name":"WP","href":"https:\/\/api.w.org\/{rel}","templated":true}]}}