{"id":7405,"date":"2025-02-08T16:07:52","date_gmt":"2025-02-08T08:07:52","guid":{"rendered":"https:\/\/www.sinoglass.com\/?post_type=product&#038;p=7405"},"modified":"2025-10-21T13:36:28","modified_gmt":"2025-10-21T05:36:28","slug":"square-glass-storage-jars-tempered-lid","status":"publish","type":"product","link":"https:\/\/www.sinoglass.com\/de\/product\/square-glass-storage-jars-tempered-lid\/","title":{"rendered":"Quadratische Glasaufbewahrungsgl\u00e4ser geh\u00e4rteter Deckel #99384000"},"content":{"rendered":"<p>Der TOUGH LID quadratische Aufbewahrungsbeh\u00e4lter verwendet drei einfache Materialien \u2013 Borosilikatglas, Silikon und geh\u00e4rtetes Glas. Dieses ordentliche und effiziente quadratische Glas mit abgerundeten Ecken wird auf Ihrem Regal gut aussehen, und die hochwertige Silikondichtung und Ventil behandeln Ihre gelagerten Gegenst\u00e4nde mit der Sorgfalt, die sie verdienen.<\/p>","protected":false},"excerpt":{"rendered":"<ul>\n<li>Borosilikat Lagerung mit geh\u00e4rtetem Glasdeckel.<\/li>\n<li>Vakuumdichtendes Silikonventil.<\/li>\n<li>Drei verf\u00fcgbare Gr\u00f6\u00dfen.<\/li>\n<\/ul>","protected":false},"featured_media":7417,"comment_status":"open","ping_status":"closed","template":"","meta":{"_acf_changed":false},"product_brand":[],"product_cat":[218,100,68],"product_tag":[],"class_list":{"0":"post-7405","1":"product","2":"type-product","3":"status-publish","4":"has-post-thumbnail","6":"product_cat-eco-friendly","7":"product_cat-glass-storage-jar","8":"product_cat-storage-jars","10":"first","11":"instock","12":"shipping-taxable","13":"purchasable","14":"product-type-variable","15":"has-default-attributes"},"acf":[],"_links":{"self":[{"href":"https:\/\/www.sinoglass.com\/de\/wp-json\/wp\/v2\/product\/7405","targetHints":{"allow":["GET"]}}],"collection":[{"href":"https:\/\/www.sinoglass.com\/de\/wp-json\/wp\/v2\/product"}],"about":[{"href":"https:\/\/www.sinoglass.com\/de\/wp-json\/wp\/v2\/types\/product"}],"replies":[{"embeddable":true,"href":"https:\/\/www.sinoglass.com\/de\/wp-json\/wp\/v2\/comments?post=7405"}],"wp:featuredmedia":[{"embeddable":true,"href":"https:\/\/www.sinoglass.com\/de\/wp-json\/wp\/v2\/media\/7417"}],"wp:attachment":[{"href":"https:\/\/www.sinoglass.com\/de\/wp-json\/wp\/v2\/media?parent=7405"}],"wp:term":[{"taxonomy":"product_brand","embeddable":true,"href":"https:\/\/www.sinoglass.com\/de\/wp-json\/wp\/v2\/product_brand?post=7405"},{"taxonomy":"product_cat","embeddable":true,"href":"https:\/\/www.sinoglass.com\/de\/wp-json\/wp\/v2\/product_cat?post=7405"},{"taxonomy":"product_tag","embeddable":true,"href":"https:\/\/www.sinoglass.com\/de\/wp-json\/wp\/v2\/product_tag?post=7405"}],"curies":[{"name":"WP","href":"https:\/\/api.w.org\/{rel}","templated":true}]}}