{"id":7383,"date":"2025-02-08T15:38:30","date_gmt":"2025-02-08T07:38:30","guid":{"rendered":"https:\/\/www.sinoglass.com\/?post_type=product&#038;p=7383"},"modified":"2025-10-21T13:37:28","modified_gmt":"2025-10-21T05:37:28","slug":"glass-storage-jars-tempered-lid","status":"publish","type":"product","link":"https:\/\/www.sinoglass.com\/de\/product\/glass-storage-jars-tempered-lid\/","title":{"rendered":"Glasaufbewahrungsgl\u00e4ser geh\u00e4rteter Deckel #99384000"},"content":{"rendered":"<p>Unser TOUGH LID CLASSIC Glas ist ein rundes Borosilikatglas mit klarem geh\u00e4rtetem Glasdeckel f\u00fcr Sicherheit und Sichtbarkeit. Es&#8217; s hier kein Kunststoff, nur Glas und eine sichere Silikondichtung. Ziehen Sie die mittlere Entl\u00fcftungsklappe nach oben, \u00f6ffnen Sie das Glas, legen Sie den Deckel, dr\u00fccken Sie dann nach unten, um zu schlie\u00dfen, sperren Sie die Luft und versiegeln Sie in Frische.<\/p>","protected":false},"excerpt":{"rendered":"<ul>\n<li>Geh\u00e4rtetes Glas Deckel, sicher und klar.<\/li>\n<li>Borosilikat runde Lagerung.<\/li>\n<li>Kunststofffreies Design.<\/li>\n<li>Hochwertiges Silikonventil.<\/li>\n<li>Vier verf\u00fcgbare Gr\u00f6\u00dfen.<\/li>\n<\/ul>","protected":false},"featured_media":7392,"comment_status":"open","ping_status":"closed","template":"","meta":{"_acf_changed":false},"product_brand":[],"product_cat":[218,100,68],"product_tag":[],"class_list":{"0":"post-7383","1":"product","2":"type-product","3":"status-publish","4":"has-post-thumbnail","6":"product_cat-eco-friendly","7":"product_cat-glass-storage-jar","8":"product_cat-storage-jars","10":"first","11":"instock","12":"shipping-taxable","13":"purchasable","14":"product-type-variable","15":"has-default-attributes"},"acf":[],"_links":{"self":[{"href":"https:\/\/www.sinoglass.com\/de\/wp-json\/wp\/v2\/product\/7383","targetHints":{"allow":["GET"]}}],"collection":[{"href":"https:\/\/www.sinoglass.com\/de\/wp-json\/wp\/v2\/product"}],"about":[{"href":"https:\/\/www.sinoglass.com\/de\/wp-json\/wp\/v2\/types\/product"}],"replies":[{"embeddable":true,"href":"https:\/\/www.sinoglass.com\/de\/wp-json\/wp\/v2\/comments?post=7383"}],"wp:featuredmedia":[{"embeddable":true,"href":"https:\/\/www.sinoglass.com\/de\/wp-json\/wp\/v2\/media\/7392"}],"wp:attachment":[{"href":"https:\/\/www.sinoglass.com\/de\/wp-json\/wp\/v2\/media?parent=7383"}],"wp:term":[{"taxonomy":"product_brand","embeddable":true,"href":"https:\/\/www.sinoglass.com\/de\/wp-json\/wp\/v2\/product_brand?post=7383"},{"taxonomy":"product_cat","embeddable":true,"href":"https:\/\/www.sinoglass.com\/de\/wp-json\/wp\/v2\/product_cat?post=7383"},{"taxonomy":"product_tag","embeddable":true,"href":"https:\/\/www.sinoglass.com\/de\/wp-json\/wp\/v2\/product_tag?post=7383"}],"curies":[{"name":"WP","href":"https:\/\/api.w.org\/{rel}","templated":true}]}}