{"id":7353,"date":"2025-02-07T16:57:12","date_gmt":"2025-02-07T08:57:12","guid":{"rendered":"https:\/\/www.sinoglass.com\/?post_type=product&#038;p=7353"},"modified":"2025-10-21T13:40:16","modified_gmt":"2025-10-21T05:40:16","slug":"flex-carry-s-s-portable-thermal-bottle","status":"publish","type":"product","link":"https:\/\/www.sinoglass.com\/de\/product\/flex-carry-s-s-portable-thermal-bottle\/","title":{"rendered":"Flex Carry S \/ S tragbare Thermoflasche #69114001"},"content":{"rendered":"<p>Dr\u00fccken Sie einen Knopf, gie\u00dfen Sie Ihr Getr\u00e4nk. Dann gie\u00dfen Sie noch etwas. FLEX CARRY S\/S ist eine gro\u00dfe Flasche, die&#8217; Perfekt f\u00fcr die ganzt\u00e4gige Hydration. Steht dir ein gro\u00dfer Griff im Weg? Kein Problem, FLEX CARRY S\/S hat einen flexiblen Silikongriff, einen einfachen Griff, der ein schlankes Profil h\u00e4lt, wenn Sie&#8217; wieder fertig. Dr\u00fccken Sie den Knopf, um den Dichtdeckel zu \u00f6ffnen und gie\u00dfen Sie Ihr Getr\u00e4nk in den Edelstahl-Drehdeckel, der auch ein Trinkbecher ist. Die Thermaflasche h\u00e4lt Ihr Getr\u00e4nk so warm oder kalt wie Sie m\u00f6chten. Befestigen Sie einen Gurt f\u00fcr noch mehr Tragem\u00f6glichkeiten.<\/p>","protected":false},"excerpt":{"rendered":"<ul>\n<li>Flexibeler Silikongriff h\u00e4lt ein schlankes Profil<\/li>\n<li>Thermal S\/S h\u00e4lt die Temperatur effizient<\/li>\n<li>Knopfaktivierter Deckel verschlie\u00dft die \u00d6ffnung<\/li>\n<li>Verdrehbarer Deckel aus Edelstahl verdoppelt sich als Trinkbecher<\/li>\n<li>Befestigen Sie einen G\u00fcrtel f\u00fcr mehr Tragem\u00f6glichkeiten<\/li>\n<li>Zwei Kapazit\u00e4ten und zwei Farben<\/li>\n<\/ul>","protected":false},"featured_media":7348,"comment_status":"open","ping_status":"closed","template":"","meta":{"_acf_changed":false},"product_brand":[],"product_cat":[73,92],"product_tag":[],"class_list":{"0":"post-7353","1":"product","2":"type-product","3":"status-publish","4":"has-post-thumbnail","6":"product_cat-insulated-bottle","7":"product_cat-water-bottles","9":"first","10":"instock","11":"shipping-taxable","12":"purchasable","13":"product-type-variable"},"acf":[],"_links":{"self":[{"href":"https:\/\/www.sinoglass.com\/de\/wp-json\/wp\/v2\/product\/7353","targetHints":{"allow":["GET"]}}],"collection":[{"href":"https:\/\/www.sinoglass.com\/de\/wp-json\/wp\/v2\/product"}],"about":[{"href":"https:\/\/www.sinoglass.com\/de\/wp-json\/wp\/v2\/types\/product"}],"replies":[{"embeddable":true,"href":"https:\/\/www.sinoglass.com\/de\/wp-json\/wp\/v2\/comments?post=7353"}],"wp:featuredmedia":[{"embeddable":true,"href":"https:\/\/www.sinoglass.com\/de\/wp-json\/wp\/v2\/media\/7348"}],"wp:attachment":[{"href":"https:\/\/www.sinoglass.com\/de\/wp-json\/wp\/v2\/media?parent=7353"}],"wp:term":[{"taxonomy":"product_brand","embeddable":true,"href":"https:\/\/www.sinoglass.com\/de\/wp-json\/wp\/v2\/product_brand?post=7353"},{"taxonomy":"product_cat","embeddable":true,"href":"https:\/\/www.sinoglass.com\/de\/wp-json\/wp\/v2\/product_cat?post=7353"},{"taxonomy":"product_tag","embeddable":true,"href":"https:\/\/www.sinoglass.com\/de\/wp-json\/wp\/v2\/product_tag?post=7353"}],"curies":[{"name":"WP","href":"https:\/\/api.w.org\/{rel}","templated":true}]}}