{"id":7339,"date":"2025-02-07T16:34:52","date_gmt":"2025-02-07T08:34:52","guid":{"rendered":"https:\/\/www.sinoglass.com\/?post_type=product&#038;p=7339"},"modified":"2026-04-16T15:34:14","modified_gmt":"2026-04-16T07:34:14","slug":"dual-portable-thermal-bottle","status":"publish","type":"product","link":"https:\/\/www.sinoglass.com\/de\/product\/dual-portable-thermal-bottle\/","title":{"rendered":"Flex Carry S\/S Dual Tragbare Thermoflasche #69114001"},"content":{"rendered":"<p>Eine gro\u00dfe Edelstahlflasche ist ideal f\u00fcr die ganzt\u00e4gige Hydration, aber manchmal steht ein gro\u00dfer Griff im Weg. FLEX CARRY S\/S behebt das mit einem flexiblen Silikongriff, einem komfortablen Griff, der ein schlankes Profil h\u00e4lt, wenn Sie&#8217; wieder fertig. Die DUAL-Version hat zwei Getr\u00e4nkeoptionen. Dr\u00fccken Sie den Knopf, der Deckel \u00f6ffnet sich und der mittlere Auslauf steigt, um Ihre Wahl zu entdichten - schlucken Sie von der Mitte oder gie\u00dfen Sie von der Seite in den Edelstahldeckel. Das Schlie\u00dfen des Deckels dr\u00fcckt den Auslauf ab und dichtet beide \u00d6ffnungen ab. Der thermische FLEX CARRY S\/S h\u00e4lt Ihr Getr\u00e4nk so warm oder kalt wie Sie m\u00f6chten. Befestigen Sie einen Gurt f\u00fcr noch mehr Tragem\u00f6glichkeiten.<\/p>","protected":false},"excerpt":{"rendered":"<ul>\n<li>Flexibeler Silikongriff h\u00e4lt ein schlankes Profil<\/li>\n<li>Thermal S\/S h\u00e4lt die Temperatur effizient<\/li>\n<li>Knopfaktivierter Deckel l\u00f6st beide Getr\u00e4nkeoptionen<\/li>\n<li>Schleifen Sie aus dem Pop-up-Auslauf oder gie\u00dfen Sie von der Seite<\/li>\n<li>Verdrehbarer Deckel aus Edelstahl verdoppelt sich als Trinkbecher<\/li>\n<li>Befestigen Sie einen G\u00fcrtel f\u00fcr mehr Tragem\u00f6glichkeiten<\/li>\n<li>Zwei Kapazit\u00e4ten und zwei Farben<\/li>\n<\/ul>","protected":false},"featured_media":7348,"comment_status":"open","ping_status":"closed","template":"","meta":{"_acf_changed":false},"product_brand":[],"product_cat":[73,92],"product_tag":[],"class_list":{"0":"post-7339","1":"product","2":"type-product","3":"status-publish","4":"has-post-thumbnail","6":"product_cat-insulated-bottle","7":"product_cat-water-bottles","9":"first","10":"instock","11":"shipping-taxable","12":"purchasable","13":"product-type-variable"},"acf":[],"_links":{"self":[{"href":"https:\/\/www.sinoglass.com\/de\/wp-json\/wp\/v2\/product\/7339","targetHints":{"allow":["GET"]}}],"collection":[{"href":"https:\/\/www.sinoglass.com\/de\/wp-json\/wp\/v2\/product"}],"about":[{"href":"https:\/\/www.sinoglass.com\/de\/wp-json\/wp\/v2\/types\/product"}],"replies":[{"embeddable":true,"href":"https:\/\/www.sinoglass.com\/de\/wp-json\/wp\/v2\/comments?post=7339"}],"wp:featuredmedia":[{"embeddable":true,"href":"https:\/\/www.sinoglass.com\/de\/wp-json\/wp\/v2\/media\/7348"}],"wp:attachment":[{"href":"https:\/\/www.sinoglass.com\/de\/wp-json\/wp\/v2\/media?parent=7339"}],"wp:term":[{"taxonomy":"product_brand","embeddable":true,"href":"https:\/\/www.sinoglass.com\/de\/wp-json\/wp\/v2\/product_brand?post=7339"},{"taxonomy":"product_cat","embeddable":true,"href":"https:\/\/www.sinoglass.com\/de\/wp-json\/wp\/v2\/product_cat?post=7339"},{"taxonomy":"product_tag","embeddable":true,"href":"https:\/\/www.sinoglass.com\/de\/wp-json\/wp\/v2\/product_tag?post=7339"}],"curies":[{"name":"WP","href":"https:\/\/api.w.org\/{rel}","templated":true}]}}