{"id":7330,"date":"2025-02-07T16:20:58","date_gmt":"2025-02-07T08:20:58","guid":{"rendered":"https:\/\/www.sinoglass.com\/?post_type=product&#038;p=7330"},"modified":"2025-10-21T13:35:10","modified_gmt":"2025-10-21T05:35:10","slug":"olive-oil-glass-bottles","status":"publish","type":"product","link":"https:\/\/www.sinoglass.com\/de\/product\/olive-oil-glass-bottles\/","title":{"rendered":"Oliven\u00f6l Glasflaschen mit Rack &#8211; Umweltfreundlich #79479003"},"content":{"rendered":"<p>Definition von &#8220; elegant&#8221;  is &#8220; anmutig und stilvoll. &#8221; Sie k\u00f6nnen das in einem W\u00f6rterbuch lesen, oder Sie k\u00f6nnen sich unsere neuen O \/ V-Flaschen ansehen, JUST TWO. Borosilikatglas und Holz \u2013 das&#8217; Beide Materialien sind sch\u00f6n, beide Materialien sind umweltfreundlich und zusammen f\u00fcgen sie Eleganz zu Ihrer K\u00fcche und Ihrem Tisch hinzu. Als Teil der ECOLIFE Kollektion liegen die Flaschen auf einem Acaciaholzst\u00e4nder und sind mit Acaciaholzstopfen abgedeckt. Glas und Holz \u2013 nur zwei.<\/p>","protected":false},"excerpt":{"rendered":"<ul>\n<li>Klare und hygienische Borosilikatglasflaschen.<\/li>\n<li>Flaschenstopper aus Acacia Holz.<\/li>\n<li>Passende Akaziaholzst\u00e4nder.<\/li>\n<li>Teil der ECO-LIFE Sammlung.<\/li>\n<\/ul>","protected":false},"featured_media":7334,"comment_status":"open","ping_status":"closed","template":"","meta":{"_acf_changed":false},"product_brand":[],"product_cat":[218,69,250],"product_tag":[],"class_list":{"0":"post-7330","1":"product","2":"type-product","3":"status-publish","4":"has-post-thumbnail","6":"product_cat-eco-friendly","7":"product_cat-oil-dispensers","8":"product_cat-oil-vinegar-dispenser","10":"first","11":"instock","12":"shipping-taxable","13":"purchasable","14":"product-type-variable"},"acf":[],"_links":{"self":[{"href":"https:\/\/www.sinoglass.com\/de\/wp-json\/wp\/v2\/product\/7330","targetHints":{"allow":["GET"]}}],"collection":[{"href":"https:\/\/www.sinoglass.com\/de\/wp-json\/wp\/v2\/product"}],"about":[{"href":"https:\/\/www.sinoglass.com\/de\/wp-json\/wp\/v2\/types\/product"}],"replies":[{"embeddable":true,"href":"https:\/\/www.sinoglass.com\/de\/wp-json\/wp\/v2\/comments?post=7330"}],"wp:featuredmedia":[{"embeddable":true,"href":"https:\/\/www.sinoglass.com\/de\/wp-json\/wp\/v2\/media\/7334"}],"wp:attachment":[{"href":"https:\/\/www.sinoglass.com\/de\/wp-json\/wp\/v2\/media?parent=7330"}],"wp:term":[{"taxonomy":"product_brand","embeddable":true,"href":"https:\/\/www.sinoglass.com\/de\/wp-json\/wp\/v2\/product_brand?post=7330"},{"taxonomy":"product_cat","embeddable":true,"href":"https:\/\/www.sinoglass.com\/de\/wp-json\/wp\/v2\/product_cat?post=7330"},{"taxonomy":"product_tag","embeddable":true,"href":"https:\/\/www.sinoglass.com\/de\/wp-json\/wp\/v2\/product_tag?post=7330"}],"curies":[{"name":"WP","href":"https:\/\/api.w.org\/{rel}","templated":true}]}}