{"id":7320,"date":"2025-02-07T15:56:16","date_gmt":"2025-02-07T07:56:16","guid":{"rendered":"https:\/\/www.sinoglass.com\/?post_type=product&#038;p=7320"},"modified":"2026-04-16T15:32:13","modified_gmt":"2026-04-16T07:32:13","slug":"glass-canister-with-wooden-lid","status":"publish","type":"product","link":"https:\/\/www.sinoglass.com\/de\/product\/glass-canister-with-wooden-lid\/","title":{"rendered":"Glasbeh\u00e4lter mit Holzdeckel &#8211; \u00d6KO-FREINDLICH#99449001"},"content":{"rendered":"<p>Drei Materialien in Kombination bilden die TRIAD, unsere neue Erg\u00e4nzung zur ECO-LIFE Kollektion. Der Akaziaholzdeckel ist einfach mit einem Zinklegierungsknopf oben zu entfernen. Integriertes Silikon am Glasbeh\u00e4lter sorgt f\u00fcr eine sichere Dichtung. F\u00fcr eine elegante und umweltfreundliche Lagerl\u00f6sung werden nur drei Materialien ben\u00f6tigt. Erh\u00e4ltlich in drei Gr\u00f6\u00dfen.<\/p>","protected":false},"excerpt":{"rendered":"<ul>\n<li>Umweltfreundliche Lagerl\u00f6sung.<\/li>\n<li>Hygienische und robuste Glasgl\u00e4ser.<\/li>\n<li>Acacia Holzdeckel mit Zinklegierungsknopf.<\/li>\n<li>Teil der ECO-LIFE Sammlung.<\/li>\n<\/ul>","protected":false},"featured_media":7327,"comment_status":"open","ping_status":"closed","template":"","meta":{"_acf_changed":false},"product_brand":[],"product_cat":[102,218,100,68,88],"product_tag":[],"class_list":{"0":"post-7320","1":"product","2":"type-product","3":"status-publish","4":"has-post-thumbnail","6":"product_cat-airtight-food-container","7":"product_cat-eco-friendly","8":"product_cat-glass-storage-jar","9":"product_cat-storage-jars","10":"product_cat-wooden-lid-jar","12":"first","13":"instock","14":"shipping-taxable","15":"purchasable","16":"product-type-variable"},"acf":[],"_links":{"self":[{"href":"https:\/\/www.sinoglass.com\/de\/wp-json\/wp\/v2\/product\/7320","targetHints":{"allow":["GET"]}}],"collection":[{"href":"https:\/\/www.sinoglass.com\/de\/wp-json\/wp\/v2\/product"}],"about":[{"href":"https:\/\/www.sinoglass.com\/de\/wp-json\/wp\/v2\/types\/product"}],"replies":[{"embeddable":true,"href":"https:\/\/www.sinoglass.com\/de\/wp-json\/wp\/v2\/comments?post=7320"}],"wp:featuredmedia":[{"embeddable":true,"href":"https:\/\/www.sinoglass.com\/de\/wp-json\/wp\/v2\/media\/7327"}],"wp:attachment":[{"href":"https:\/\/www.sinoglass.com\/de\/wp-json\/wp\/v2\/media?parent=7320"}],"wp:term":[{"taxonomy":"product_brand","embeddable":true,"href":"https:\/\/www.sinoglass.com\/de\/wp-json\/wp\/v2\/product_brand?post=7320"},{"taxonomy":"product_cat","embeddable":true,"href":"https:\/\/www.sinoglass.com\/de\/wp-json\/wp\/v2\/product_cat?post=7320"},{"taxonomy":"product_tag","embeddable":true,"href":"https:\/\/www.sinoglass.com\/de\/wp-json\/wp\/v2\/product_tag?post=7320"}],"curies":[{"name":"WP","href":"https:\/\/api.w.org\/{rel}","templated":true}]}}