{"id":7297,"date":"2025-02-07T11:09:19","date_gmt":"2025-02-07T03:09:19","guid":{"rendered":"https:\/\/www.sinoglass.com\/?post_type=product&#038;p=7297"},"modified":"2025-02-07T15:23:09","modified_gmt":"2025-02-07T07:23:09","slug":"wood-pepper-and-salt-grinders","status":"publish","type":"product","link":"https:\/\/www.sinoglass.com\/de\/product\/wood-pepper-and-salt-grinders\/","title":{"rendered":"Holzpfeffer- und Salzmahlmaschinen &#8211; MONARCHRING #89899002"},"content":{"rendered":"<p>Frisch gemahlenes Salz und Pfeffer k\u00f6nnen&#8217; t f\u00fcr Geschmack schlagen. Und unsere MONARCH-Serie kann&#8217; t sein Beat f\u00fcr Stil und Funktion. Der Zinklegierungsknopf auf den 6-Zoll- oder 8-Zoll-M\u00fchlen passt nicht nur den Schleif von fein bis grob an, die S und P oben sagen Ihnen, ob es&#8217; Salz oder Pfeffer. Die gro\u00dfe und komfortable Oberfl\u00e4che macht das Schleifen zu einem Vergn\u00fcgen. Zum Abschluss des Sets sind 5-Zoll-Salz- und Pfefferschuker f\u00fcr diese eher ungezwungenen Zeiten. Zu der Eleganz kommt ein einzigartiger Ring aus Edelstahl, ein klassischer Touch f\u00fcr Holz.<\/p>","protected":false},"excerpt":{"rendered":"<ul>\n<li>Stilvolles Holzsalz &amp; Pfefferm\u00fchle und Shaker Set.<\/li>\n<li>Einzigartiger Ring aus Edelstahl.<\/li>\n<li>Bequemes S und P auf dem Zinklegierungsknopf.<\/li>\n<li>Lebenslang Keramikmechanismus.<\/li>\n<li>Drei echte W\u00e4lder zur Verf\u00fcgung: Acacia, Buche, Gummiholz.<\/li>\n<\/ul>","protected":false},"featured_media":7307,"comment_status":"open","ping_status":"closed","template":"","meta":{"_acf_changed":false},"product_brand":[],"product_cat":[218,71,89],"product_tag":[],"class_list":{"0":"post-7297","1":"product","2":"type-product","3":"status-publish","4":"has-post-thumbnail","6":"product_cat-eco-friendly","7":"product_cat-mills-grinders","8":"product_cat-wood-mill","10":"first","11":"instock","12":"shipping-taxable","13":"purchasable","14":"product-type-variable"},"acf":[],"_links":{"self":[{"href":"https:\/\/www.sinoglass.com\/de\/wp-json\/wp\/v2\/product\/7297","targetHints":{"allow":["GET"]}}],"collection":[{"href":"https:\/\/www.sinoglass.com\/de\/wp-json\/wp\/v2\/product"}],"about":[{"href":"https:\/\/www.sinoglass.com\/de\/wp-json\/wp\/v2\/types\/product"}],"replies":[{"embeddable":true,"href":"https:\/\/www.sinoglass.com\/de\/wp-json\/wp\/v2\/comments?post=7297"}],"wp:featuredmedia":[{"embeddable":true,"href":"https:\/\/www.sinoglass.com\/de\/wp-json\/wp\/v2\/media\/7307"}],"wp:attachment":[{"href":"https:\/\/www.sinoglass.com\/de\/wp-json\/wp\/v2\/media?parent=7297"}],"wp:term":[{"taxonomy":"product_brand","embeddable":true,"href":"https:\/\/www.sinoglass.com\/de\/wp-json\/wp\/v2\/product_brand?post=7297"},{"taxonomy":"product_cat","embeddable":true,"href":"https:\/\/www.sinoglass.com\/de\/wp-json\/wp\/v2\/product_cat?post=7297"},{"taxonomy":"product_tag","embeddable":true,"href":"https:\/\/www.sinoglass.com\/de\/wp-json\/wp\/v2\/product_tag?post=7297"}],"curies":[{"name":"WP","href":"https:\/\/api.w.org\/{rel}","templated":true}]}}