{"id":7192,"date":"2025-01-08T14:11:10","date_gmt":"2025-01-08T06:11:10","guid":{"rendered":"https:\/\/www.sinoglass.com\/?post_type=product&#038;p=7192"},"modified":"2026-04-16T15:34:19","modified_gmt":"2026-04-16T07:34:19","slug":"sports-drink-bottle","status":"publish","type":"product","link":"https:\/\/www.sinoglass.com\/de\/product\/sports-drink-bottle\/","title":{"rendered":"Kundenspezifische Sport Trinkwasserflaschen &#8211; Griff und Schloss Deckel #69866011"},"content":{"rendered":"<p>Wenn die Aktivit\u00e4t hoch ist, ist es wichtig, Ihre Hydration zu verfolgen. Der CLEARLOK MEASURED SPORT listet das Volumen auf der Flasche auf und sagt Ihnen sofort, wie viel Sie&#8217; Sie konsumieren. Schieben Sie die Registerkarte, um zu entriegeln, dr\u00fccken Sie die Taste, um den CLEARLOK-Deckel zu \u00f6ffnen und trinken Sie, was Ihr K\u00f6rper braucht. Schieben Sie das Schloss f\u00fcr Ruhe des Geistes und halten Sie es mit dem Klappgriff oder dem Tragurt an Ihrer Seite. Mit dem MEASURED SPORT k\u00f6nnen Sie&#8217; Du wei\u00dft immer, wo du bist und wie du dich verbessern kannst. Au\u00dferdem k\u00f6nnen Sie aus f\u00fcnf Gr\u00f6\u00dfen w\u00e4hlen.<\/p>","protected":false},"excerpt":{"rendered":"<p>\u2022 Neues Design TRITAN Sportflasche.<br \/>\n\u2022 Druckknopfbedingter Deckel.<br \/>\n\u2022 Volumenmessungen an der Flasche.<br \/>\n\u2022 F\u00fcnf verf\u00fcgbare Gr\u00f6\u00dfen.<\/p>","protected":false},"featured_media":7194,"comment_status":"open","ping_status":"closed","template":"","meta":{"_acf_changed":false},"product_brand":[],"product_cat":[74,92],"product_tag":[],"class_list":{"0":"post-7192","1":"product","2":"type-product","3":"status-publish","4":"has-post-thumbnail","6":"product_cat-tritan-plastic-bottle","7":"product_cat-water-bottles","9":"first","10":"instock","11":"shipping-taxable","12":"purchasable","13":"product-type-variable"},"acf":[],"_links":{"self":[{"href":"https:\/\/www.sinoglass.com\/de\/wp-json\/wp\/v2\/product\/7192","targetHints":{"allow":["GET"]}}],"collection":[{"href":"https:\/\/www.sinoglass.com\/de\/wp-json\/wp\/v2\/product"}],"about":[{"href":"https:\/\/www.sinoglass.com\/de\/wp-json\/wp\/v2\/types\/product"}],"replies":[{"embeddable":true,"href":"https:\/\/www.sinoglass.com\/de\/wp-json\/wp\/v2\/comments?post=7192"}],"wp:featuredmedia":[{"embeddable":true,"href":"https:\/\/www.sinoglass.com\/de\/wp-json\/wp\/v2\/media\/7194"}],"wp:attachment":[{"href":"https:\/\/www.sinoglass.com\/de\/wp-json\/wp\/v2\/media?parent=7192"}],"wp:term":[{"taxonomy":"product_brand","embeddable":true,"href":"https:\/\/www.sinoglass.com\/de\/wp-json\/wp\/v2\/product_brand?post=7192"},{"taxonomy":"product_cat","embeddable":true,"href":"https:\/\/www.sinoglass.com\/de\/wp-json\/wp\/v2\/product_cat?post=7192"},{"taxonomy":"product_tag","embeddable":true,"href":"https:\/\/www.sinoglass.com\/de\/wp-json\/wp\/v2\/product_tag?post=7192"}],"curies":[{"name":"WP","href":"https:\/\/api.w.org\/{rel}","templated":true}]}}