{"id":7167,"date":"2025-01-08T09:30:21","date_gmt":"2025-01-08T01:30:21","guid":{"rendered":"https:\/\/www.sinoglass.com\/?post_type=product&#038;p=7167"},"modified":"2025-10-21T13:40:53","modified_gmt":"2025-10-21T05:40:53","slug":"leak-proof-water-bottle","status":"publish","type":"product","link":"https:\/\/www.sinoglass.com\/de\/product\/leak-proof-water-bottle\/","title":{"rendered":"Isolierte Wasserflasche aus Edelstahl &#8211; Griff \/ Gurt #69886001"},"content":{"rendered":"<p>Bei hei\u00dfen Tagen oder in einem kalten B\u00fcro m\u00f6chten Sie vielleicht strategischer sein, was Sie trinken. Ein kaltes Getr\u00e4nk kann Sie k\u00fchlen und erfrischen, und eine Tasse geschmackvoller hei\u00dfer Tee oder Kaffee kann Sie den ganzen Tag im Gange halten. Der CLEARLOK STRATEGIC S\/S wird Ihnen stilvoll und in f\u00fcnf Gr\u00f6\u00dfen zur Wahl kommen. Schieben Sie die Registerkarte, um zu entriegeln, dr\u00fccken Sie die Taste, um den CLEARLOK-Deckel zu \u00f6ffnen, und genie\u00dfen Sie ein bequemes hei\u00dfes Getr\u00e4nk oder ein erfrischendes kaltes Getr\u00e4nk. Schieben Sie das Schloss f\u00fcr Ruhe des Geistes und halten Sie es mit dem Klappgriff oder dem Tragurt an Ihrer Seite.<\/p>","protected":false},"excerpt":{"rendered":"<p>\u2022 Neues Design S \/ S Thermoflasche.<br \/>\n\u2022 Druckknopfbedingter Deckel.<br \/>\n\u2022 Perfekt f\u00fcr warme oder kalte Getr\u00e4nke.<br \/>\n\u2022 F\u00fcnf verf\u00fcgbare Gr\u00f6\u00dfen.<\/p>","protected":false},"featured_media":7172,"comment_status":"open","ping_status":"closed","template":"","meta":{"_acf_changed":false},"product_brand":[],"product_cat":[73,92],"product_tag":[],"class_list":{"0":"post-7167","1":"product","2":"type-product","3":"status-publish","4":"has-post-thumbnail","6":"product_cat-insulated-bottle","7":"product_cat-water-bottles","9":"first","10":"instock","11":"shipping-taxable","12":"purchasable","13":"product-type-variable"},"acf":[],"_links":{"self":[{"href":"https:\/\/www.sinoglass.com\/de\/wp-json\/wp\/v2\/product\/7167","targetHints":{"allow":["GET"]}}],"collection":[{"href":"https:\/\/www.sinoglass.com\/de\/wp-json\/wp\/v2\/product"}],"about":[{"href":"https:\/\/www.sinoglass.com\/de\/wp-json\/wp\/v2\/types\/product"}],"replies":[{"embeddable":true,"href":"https:\/\/www.sinoglass.com\/de\/wp-json\/wp\/v2\/comments?post=7167"}],"wp:featuredmedia":[{"embeddable":true,"href":"https:\/\/www.sinoglass.com\/de\/wp-json\/wp\/v2\/media\/7172"}],"wp:attachment":[{"href":"https:\/\/www.sinoglass.com\/de\/wp-json\/wp\/v2\/media?parent=7167"}],"wp:term":[{"taxonomy":"product_brand","embeddable":true,"href":"https:\/\/www.sinoglass.com\/de\/wp-json\/wp\/v2\/product_brand?post=7167"},{"taxonomy":"product_cat","embeddable":true,"href":"https:\/\/www.sinoglass.com\/de\/wp-json\/wp\/v2\/product_cat?post=7167"},{"taxonomy":"product_tag","embeddable":true,"href":"https:\/\/www.sinoglass.com\/de\/wp-json\/wp\/v2\/product_tag?post=7167"}],"curies":[{"name":"WP","href":"https:\/\/api.w.org\/{rel}","templated":true}]}}