{"id":6712,"date":"2024-11-22T14:38:49","date_gmt":"2024-11-22T06:38:49","guid":{"rendered":"https:\/\/www.sinoglass.com\/?post_type=product&#038;p=6712"},"modified":"2025-10-21T13:36:14","modified_gmt":"2025-10-21T05:36:14","slug":"plastic-food-storage-containers","status":"publish","type":"product","link":"https:\/\/www.sinoglass.com\/de\/product\/plastic-food-storage-containers\/","title":{"rendered":"Kunststoff Lebensmittellagerbeh\u00e4lter mit feuchtigkeitsdichten versiegelten Deckeln #99352001"},"content":{"rendered":"<p>Die LOCKBOX CLEAR ist unsere gro\u00dfe Kapazit\u00e4t, zerst\u00f6rungssichere L\u00f6sung f\u00fcr ein gesch\u00e4ftiges Zuhause. Mehl, Zucker, Trockeng\u00fcter, Getreide, Tee, Snacks, Take-Away-Mahlzeiten \u2013 LOCKBOX CLEAR ist perfekt f\u00fcr Ihre gesamte sichere Lagerung. Robuster, lebensmittelwertiger Kunststoff mit verst\u00e4rkten Ecken sch\u00fctzt vor Unf\u00e4llen. Die feuchtigkeitsdichte und sichere 360\u00ba Silikondichtung wird durch unseren patentierten SAFETY-LINK-Mechanismus weiter verst\u00e4rkt \u2013 wenn Sie den Beh\u00e4lter fallen lassen, gewinnt er&#8217; t brechen oder freischalten. Wenn Sie die LOCKBOX in eine Schublade legen m\u00f6chten, erm\u00f6glicht der CLEAR-Deckel eine einfache M\u00f6glichkeit, zu sehen, was&#8217; S im Inneren. Stapelbar und platzsparend deckt LOCKBOX CLEAR alle Grundlagen f\u00fcr eine sichere und vielseitige Speicherl\u00f6sung ab.<\/p>","protected":false},"excerpt":{"rendered":"<ul style=\"list-style-type: circle;\">\n<li>Heavy Duty Kunststoff, verst\u00e4rkte Ecken.<\/li>\n<li>Feuchtigkeitsdichtung 360\u00b0.<\/li>\n<li>Patentierter Verriegelungsmechanismus.<\/li>\n<li>Einhandbedienung, leicht demontierbar.<\/li>\n<li>Sichern Sie den Deckel, um den Inhalt anzuzeigen.<\/li>\n<li>Sichere, lebensmittelwertige Materialien.<\/li>\n<li>Geeignet f\u00fcr viele Lagerbedarf.<\/li>\n<\/ul>","protected":false},"featured_media":7892,"comment_status":"open","ping_status":"closed","template":"","meta":{"_acf_changed":false},"product_brand":[],"product_cat":[102,101,68],"product_tag":[],"class_list":{"0":"post-6712","1":"product","2":"type-product","3":"status-publish","4":"has-post-thumbnail","6":"product_cat-airtight-food-container","7":"product_cat-plastic-kitchen-storage","8":"product_cat-storage-jars","10":"first","11":"instock","12":"shipping-taxable","13":"purchasable","14":"product-type-variable"},"acf":[],"_links":{"self":[{"href":"https:\/\/www.sinoglass.com\/de\/wp-json\/wp\/v2\/product\/6712","targetHints":{"allow":["GET"]}}],"collection":[{"href":"https:\/\/www.sinoglass.com\/de\/wp-json\/wp\/v2\/product"}],"about":[{"href":"https:\/\/www.sinoglass.com\/de\/wp-json\/wp\/v2\/types\/product"}],"replies":[{"embeddable":true,"href":"https:\/\/www.sinoglass.com\/de\/wp-json\/wp\/v2\/comments?post=6712"}],"wp:featuredmedia":[{"embeddable":true,"href":"https:\/\/www.sinoglass.com\/de\/wp-json\/wp\/v2\/media\/7892"}],"wp:attachment":[{"href":"https:\/\/www.sinoglass.com\/de\/wp-json\/wp\/v2\/media?parent=6712"}],"wp:term":[{"taxonomy":"product_brand","embeddable":true,"href":"https:\/\/www.sinoglass.com\/de\/wp-json\/wp\/v2\/product_brand?post=6712"},{"taxonomy":"product_cat","embeddable":true,"href":"https:\/\/www.sinoglass.com\/de\/wp-json\/wp\/v2\/product_cat?post=6712"},{"taxonomy":"product_tag","embeddable":true,"href":"https:\/\/www.sinoglass.com\/de\/wp-json\/wp\/v2\/product_tag?post=6712"}],"curies":[{"name":"WP","href":"https:\/\/api.w.org\/{rel}","templated":true}]}}