{"id":6541,"date":"2024-10-23T17:14:02","date_gmt":"2024-10-23T09:14:02","guid":{"rendered":"https:\/\/www.sinoglass.com\/?post_type=product&#038;p=6541"},"modified":"2026-04-16T15:36:28","modified_gmt":"2026-04-16T07:36:28","slug":"milk-powder-storage-container","status":"publish","type":"product","link":"https:\/\/www.sinoglass.com\/de\/product\/milk-powder-storage-container\/","title":{"rendered":"Milchpulver Lagerbeh\u00e4lter mit L\u00f6ffel \/ S\u00e4uglingsformel Spender #99352021"},"content":{"rendered":"<p>Zerst\u00f6rungssicher? Ja! Ja! Gro\u00dfe Kapazit\u00e4t? Ja! Ja! Einfach zu bedienen? Ja! Die LOCKBOX ist mit besch\u00e4ftigten Eltern im Sinn konzipiert, hat aber eine breite Palette von Anwendungen. Ideal f\u00fcr pulverisierte Babyformulierung ist LOCKBOX ein harter, zerbrechfester Kunststoff mit verst\u00e4rkten Ecken. Der luftdichte, selbstverschlie\u00dfende Deckel kann mit einer Hand bedient werden und verf\u00fcgt \u00fcber einen Doppelmechanismus, der nicht nur 360\u00ba dichtet, sondern sich mit einem patentierten SAFETY-LINK-Mechanismus sicher verschlie\u00dft. Wenn Sie es fallen lassen, hat es gewonnen&#8217; t brechen oder freischalten. Entfernen Sie den Deckel, legen Sie ihn aufrecht auf einen Tisch und ein Fach \u00f6ffnet sich automatisch, um einen Me\u00dfl\u00f6ffel zu offenbaren. Der Beh\u00e4lter verf\u00fcgt \u00fcber eine integrierte Nivellierstange im Inneren f\u00fcr eine genaue Messung. LOCKBOX aus PP und Silikon der Lebensmittelqualit\u00e4t ist eine sichere Lagerung und Ruhe in einem Beh\u00e4lter.<\/p>","protected":false},"excerpt":{"rendered":"<ul style=\"list-style-type: circle;\">\n<li>Heavy Duty Kunststoff, verst\u00e4rkte Ecken.<\/li>\n<li>Feuchtigkeitsdichtung 360\u00b0.<\/li>\n<li>Patentierter Verriegelungsmechanismus.<\/li>\n<li>Einhandbedienung, leicht demontierbar.<\/li>\n<li>Sichern Sie den Deckel, um den Inhalt anzuzeigen.<\/li>\n<li>Sichere, lebensmittelwertige Materialien.<\/li>\n<li>Geeignet f\u00fcr viele Lagerbedarf.<\/li>\n<\/ul>","protected":false},"featured_media":7890,"comment_status":"open","ping_status":"closed","template":"","meta":{"_acf_changed":false},"product_brand":[],"product_cat":[102,101,68],"product_tag":[],"class_list":{"0":"post-6541","1":"product","2":"type-product","3":"status-publish","4":"has-post-thumbnail","6":"product_cat-airtight-food-container","7":"product_cat-plastic-kitchen-storage","8":"product_cat-storage-jars","10":"first","11":"instock","12":"shipping-taxable","13":"purchasable","14":"product-type-variable"},"acf":[],"_links":{"self":[{"href":"https:\/\/www.sinoglass.com\/de\/wp-json\/wp\/v2\/product\/6541","targetHints":{"allow":["GET"]}}],"collection":[{"href":"https:\/\/www.sinoglass.com\/de\/wp-json\/wp\/v2\/product"}],"about":[{"href":"https:\/\/www.sinoglass.com\/de\/wp-json\/wp\/v2\/types\/product"}],"replies":[{"embeddable":true,"href":"https:\/\/www.sinoglass.com\/de\/wp-json\/wp\/v2\/comments?post=6541"}],"wp:featuredmedia":[{"embeddable":true,"href":"https:\/\/www.sinoglass.com\/de\/wp-json\/wp\/v2\/media\/7890"}],"wp:attachment":[{"href":"https:\/\/www.sinoglass.com\/de\/wp-json\/wp\/v2\/media?parent=6541"}],"wp:term":[{"taxonomy":"product_brand","embeddable":true,"href":"https:\/\/www.sinoglass.com\/de\/wp-json\/wp\/v2\/product_brand?post=6541"},{"taxonomy":"product_cat","embeddable":true,"href":"https:\/\/www.sinoglass.com\/de\/wp-json\/wp\/v2\/product_cat?post=6541"},{"taxonomy":"product_tag","embeddable":true,"href":"https:\/\/www.sinoglass.com\/de\/wp-json\/wp\/v2\/product_tag?post=6541"}],"curies":[{"name":"WP","href":"https:\/\/api.w.org\/{rel}","templated":true}]}}