{"id":6448,"date":"2024-09-29T14:00:43","date_gmt":"2024-09-29T06:00:43","guid":{"rendered":"https:\/\/www.sinoglass.com\/?post_type=product&#038;p=6448"},"modified":"2025-02-10T10:51:53","modified_gmt":"2025-02-10T02:51:53","slug":"insulated-travel-french-press","status":"publish","type":"product","link":"https:\/\/www.sinoglass.com\/de\/product\/insulated-travel-french-press\/","title":{"rendered":"Tragbare W\u00e4rmeisolierte Reise Franz\u00f6sische Presse #6885600201"},"content":{"rendered":"<p>Unsere TRAVEL FRENCH PRESS war ein beliebter Verk\u00e4ufer, und jetzt h\u00e4lt die Edelstahlversion Ihr Lieblingsgetr\u00e4nk hei\u00dfer, l\u00e4nger. Doppelwand Edelstahl sch\u00fctzt Geschmack und Temperatur und ist sicher f\u00fcr Ihre H\u00e4nde. Der strukturierte Gummigriff ist ein sicherer Ort zum Schlucken. W\u00e4hlen Sie Ihre Farbe und beginnen Sie Ihren Tag.<\/p>","protected":false},"excerpt":{"rendered":"<ul>\n<li>Tragbare Franz\u00f6sische Presse Kaffeemaschine.<\/li>\n<li>Edelstahl h\u00e4lt Kaffee w\u00e4rmer, l\u00e4nger.<\/li>\n<li>Der strukturierte Gummigriff bietet eine sichere Oberfl\u00e4che.<\/li>\n<li>Kann ohne den franz\u00f6sischen Pressemechanismus verwendet werden.<\/li>\n<\/ul>","protected":false},"featured_media":6464,"comment_status":"open","ping_status":"closed","template":"","meta":{"_acf_changed":false},"product_brand":[],"product_cat":[73,92],"product_tag":[],"class_list":{"0":"post-6448","1":"product","2":"type-product","3":"status-publish","4":"has-post-thumbnail","6":"product_cat-insulated-bottle","7":"product_cat-water-bottles","9":"first","10":"instock","11":"shipping-taxable","12":"purchasable","13":"product-type-variable"},"acf":[],"_links":{"self":[{"href":"https:\/\/www.sinoglass.com\/de\/wp-json\/wp\/v2\/product\/6448","targetHints":{"allow":["GET"]}}],"collection":[{"href":"https:\/\/www.sinoglass.com\/de\/wp-json\/wp\/v2\/product"}],"about":[{"href":"https:\/\/www.sinoglass.com\/de\/wp-json\/wp\/v2\/types\/product"}],"replies":[{"embeddable":true,"href":"https:\/\/www.sinoglass.com\/de\/wp-json\/wp\/v2\/comments?post=6448"}],"wp:featuredmedia":[{"embeddable":true,"href":"https:\/\/www.sinoglass.com\/de\/wp-json\/wp\/v2\/media\/6464"}],"wp:attachment":[{"href":"https:\/\/www.sinoglass.com\/de\/wp-json\/wp\/v2\/media?parent=6448"}],"wp:term":[{"taxonomy":"product_brand","embeddable":true,"href":"https:\/\/www.sinoglass.com\/de\/wp-json\/wp\/v2\/product_brand?post=6448"},{"taxonomy":"product_cat","embeddable":true,"href":"https:\/\/www.sinoglass.com\/de\/wp-json\/wp\/v2\/product_cat?post=6448"},{"taxonomy":"product_tag","embeddable":true,"href":"https:\/\/www.sinoglass.com\/de\/wp-json\/wp\/v2\/product_tag?post=6448"}],"curies":[{"name":"WP","href":"https:\/\/api.w.org\/{rel}","templated":true}]}}