{"id":6429,"date":"2024-09-29T13:01:30","date_gmt":"2024-09-29T05:01:30","guid":{"rendered":"https:\/\/www.sinoglass.com\/?post_type=product&#038;p=6429"},"modified":"2025-02-10T10:52:07","modified_gmt":"2025-02-10T02:52:07","slug":"water","status":"publish","type":"product","link":"https:\/\/www.sinoglass.com\/de\/product\/water\/","title":{"rendered":"Edelstahl Gym Wasserflasche mit Griff #6855A002"},"content":{"rendered":"<p>Ruhig! \u00d6ffnen Sie den Deckel und klappen Sie ihn zur\u00fcck - die FLARE h\u00e4lt ihn dort. Das doppelt isolierte Edelstahl Hy3 FLARE THERMAL h\u00e4lt Ihr Lieblingsgetr\u00e4nk stundenlang warm oder kalt. F\u00fcr den ganzt\u00e4gigen Genuss ist es die richtige Wahl f\u00fcr Aussehen und Leistung.<\/p>","protected":false},"excerpt":{"rendered":"<ul>\n<li>Flare Griff Design, einfach auf der Bewegung zu tragen.<\/li>\n<li>Kleine Flaschen\u00f6ffnung, bequem zu trinken w\u00e4hrend des Trainings.<\/li>\n<li>Befestigter Deckel.<\/li>\n<li>Der Deckel klappt sich zur\u00fcck in den Griff und bleibt offen.<\/li>\n<li>Texturierter Gummi am Deckel.<\/li>\n<li>Bequeme Oberfl\u00e4che bietet zus\u00e4tzlichen Griff, um den Deckel einfach zu entfernen.<\/li>\n<li>Doppelisolierte Edelstahl-Vakuumflasche, h\u00e4lt Fl\u00fcssigkeiten bei 55\u00ba Celsius f\u00fcr 6 Stunden, kalt f\u00fcr 18 Stunden.<\/li>\n<\/ul>","protected":false},"featured_media":6434,"comment_status":"open","ping_status":"closed","template":"","meta":{"_acf_changed":false},"product_brand":[],"product_cat":[73,92],"product_tag":[],"class_list":{"0":"post-6429","1":"product","2":"type-product","3":"status-publish","4":"has-post-thumbnail","6":"product_cat-insulated-bottle","7":"product_cat-water-bottles","9":"first","10":"instock","11":"shipping-taxable","12":"purchasable","13":"product-type-variable"},"acf":[],"_links":{"self":[{"href":"https:\/\/www.sinoglass.com\/de\/wp-json\/wp\/v2\/product\/6429","targetHints":{"allow":["GET"]}}],"collection":[{"href":"https:\/\/www.sinoglass.com\/de\/wp-json\/wp\/v2\/product"}],"about":[{"href":"https:\/\/www.sinoglass.com\/de\/wp-json\/wp\/v2\/types\/product"}],"replies":[{"embeddable":true,"href":"https:\/\/www.sinoglass.com\/de\/wp-json\/wp\/v2\/comments?post=6429"}],"wp:featuredmedia":[{"embeddable":true,"href":"https:\/\/www.sinoglass.com\/de\/wp-json\/wp\/v2\/media\/6434"}],"wp:attachment":[{"href":"https:\/\/www.sinoglass.com\/de\/wp-json\/wp\/v2\/media?parent=6429"}],"wp:term":[{"taxonomy":"product_brand","embeddable":true,"href":"https:\/\/www.sinoglass.com\/de\/wp-json\/wp\/v2\/product_brand?post=6429"},{"taxonomy":"product_cat","embeddable":true,"href":"https:\/\/www.sinoglass.com\/de\/wp-json\/wp\/v2\/product_cat?post=6429"},{"taxonomy":"product_tag","embeddable":true,"href":"https:\/\/www.sinoglass.com\/de\/wp-json\/wp\/v2\/product_tag?post=6429"}],"curies":[{"name":"WP","href":"https:\/\/api.w.org\/{rel}","templated":true}]}}