{"id":6376,"date":"2024-09-29T09:56:55","date_gmt":"2024-09-29T01:56:55","guid":{"rendered":"https:\/\/www.sinoglass.com\/?post_type=product&#038;p=6376"},"modified":"2025-02-10T10:52:00","modified_gmt":"2025-02-10T02:52:00","slug":"metal-insulated-water-bottle","status":"publish","type":"product","link":"https:\/\/www.sinoglass.com\/de\/product\/metal-insulated-water-bottle\/","title":{"rendered":"Wiederverwendbare Metall isolierte Hei\u00dfwasserflasche #6888400201"},"content":{"rendered":"<p>Ausdr\u00fccken Sie Ihre Pers\u00f6nlichkeit mit unserer PEARLite Stylings Serie von kunstvollen Einstellungen und fantasievollen Oberfl\u00e4chen. Da Sie mehr als eine Stimmung haben, k\u00f6nnen Sie aus sieben Mustern w\u00e4hlen, um zu passen, wie Sie sich f\u00fchlen. Sie k\u00f6nnen mit Kaktus f\u00fcr Ihre Morgenrose, Minzgr\u00fcn mit Laternen oder Taro Violett mit Flacken von Farbe und Stil beginnen.<\/p>\n<p>F\u00fcr Muster auf einem klassischen Edelstahlfinish f\u00fcgen Sie mehr Pers\u00f6nlichkeitsausdr\u00fccke mit Flamingos, Sukkulenten, Giraffen und Feldern hinzu.<\/p>","protected":false},"excerpt":{"rendered":"<ul>\n<li>Neuer SafeLOKTM System Deckel, leicht demontierbar.<\/li>\n<li>Ultraleichte Doppelwand aus Edelstahl.<\/li>\n<li>Erh\u00e4ltlich in sechs Perlenfarben.<\/li>\n<li>Das neue SoftTouch Band ist eine komfortable Oberfl\u00e4che zum \u00d6ffnen und Schlie\u00dfen.<\/li>\n<\/ul>","protected":false},"featured_media":6383,"comment_status":"open","ping_status":"closed","template":"","meta":{"_acf_changed":false},"product_brand":[],"product_cat":[73,92],"product_tag":[],"class_list":{"0":"post-6376","1":"product","2":"type-product","3":"status-publish","4":"has-post-thumbnail","6":"product_cat-insulated-bottle","7":"product_cat-water-bottles","9":"first","10":"instock","11":"shipping-taxable","12":"purchasable","13":"product-type-variable"},"acf":[],"_links":{"self":[{"href":"https:\/\/www.sinoglass.com\/de\/wp-json\/wp\/v2\/product\/6376","targetHints":{"allow":["GET"]}}],"collection":[{"href":"https:\/\/www.sinoglass.com\/de\/wp-json\/wp\/v2\/product"}],"about":[{"href":"https:\/\/www.sinoglass.com\/de\/wp-json\/wp\/v2\/types\/product"}],"replies":[{"embeddable":true,"href":"https:\/\/www.sinoglass.com\/de\/wp-json\/wp\/v2\/comments?post=6376"}],"wp:featuredmedia":[{"embeddable":true,"href":"https:\/\/www.sinoglass.com\/de\/wp-json\/wp\/v2\/media\/6383"}],"wp:attachment":[{"href":"https:\/\/www.sinoglass.com\/de\/wp-json\/wp\/v2\/media?parent=6376"}],"wp:term":[{"taxonomy":"product_brand","embeddable":true,"href":"https:\/\/www.sinoglass.com\/de\/wp-json\/wp\/v2\/product_brand?post=6376"},{"taxonomy":"product_cat","embeddable":true,"href":"https:\/\/www.sinoglass.com\/de\/wp-json\/wp\/v2\/product_cat?post=6376"},{"taxonomy":"product_tag","embeddable":true,"href":"https:\/\/www.sinoglass.com\/de\/wp-json\/wp\/v2\/product_tag?post=6376"}],"curies":[{"name":"WP","href":"https:\/\/api.w.org\/{rel}","templated":true}]}}