{"id":6361,"date":"2024-09-27T15:43:24","date_gmt":"2024-09-27T07:43:24","guid":{"rendered":"https:\/\/www.sinoglass.com\/?post_type=product&#038;p=6361"},"modified":"2025-02-10T10:51:45","modified_gmt":"2025-02-10T02:51:45","slug":"hot-and-cold-water-bottle","status":"publish","type":"product","link":"https:\/\/www.sinoglass.com\/de\/product\/hot-and-cold-water-bottle\/","title":{"rendered":"Isolierte hei\u00dfe und kalte Wasserflasche #69077002"},"content":{"rendered":"<p>Die SPORT-Version unseres PS-REFRESH Deckels verf\u00fcgt \u00fcber einen gro\u00dfen und komfortablen Trinkbock f\u00fcr eine einfache Hydration. Dieselbe innovative AutoLOK\u00ae-Deckel bedeutet, dass Ihre Tasche oder Handtasche trocken bleibt, wenn Sie Ihre Flasche aufbewahren. Und Sie k\u00f6nnen Ihre Lieblings-Obst- oder Teearomen mit dem integrierten Infusionsfilter genie\u00dfen.<\/p>","protected":false},"excerpt":{"rendered":"<ul>\n<li>Der Deckel verriegelt sich automatisch. Es wird nicht ge\u00f6ffnet, es sei denn, Sie dr\u00fccken und schieben Sie die Taste.<\/li>\n<li>Ihre Tasche oder Handtasche ist vor versehentlichem \u00d6ffnen gesch\u00fctzt.<\/li>\n<li>Gro\u00dfe \u00d6ffnung zum sicheren Trinken hei\u00dfer Getr\u00e4nke.<\/li>\n<li>Der Deckel kann schnell zur gr\u00fcndlichen Reinigung demontiert werden.<\/li>\n<li>Der Deckel kann bei 180\u00b0 zur\u00fcckverschlossen werden, so dass er w\u00e4hrend des Trinkens weit offen bleibt.<\/li>\n<\/ul>","protected":false},"featured_media":6370,"comment_status":"open","ping_status":"closed","template":"","meta":{"_acf_changed":false},"product_brand":[],"product_cat":[73,92],"product_tag":[],"class_list":{"0":"post-6361","1":"product","2":"type-product","3":"status-publish","4":"has-post-thumbnail","6":"product_cat-insulated-bottle","7":"product_cat-water-bottles","9":"first","10":"instock","11":"shipping-taxable","12":"purchasable","13":"product-type-variable"},"acf":[],"_links":{"self":[{"href":"https:\/\/www.sinoglass.com\/de\/wp-json\/wp\/v2\/product\/6361","targetHints":{"allow":["GET"]}}],"collection":[{"href":"https:\/\/www.sinoglass.com\/de\/wp-json\/wp\/v2\/product"}],"about":[{"href":"https:\/\/www.sinoglass.com\/de\/wp-json\/wp\/v2\/types\/product"}],"replies":[{"embeddable":true,"href":"https:\/\/www.sinoglass.com\/de\/wp-json\/wp\/v2\/comments?post=6361"}],"wp:featuredmedia":[{"embeddable":true,"href":"https:\/\/www.sinoglass.com\/de\/wp-json\/wp\/v2\/media\/6370"}],"wp:attachment":[{"href":"https:\/\/www.sinoglass.com\/de\/wp-json\/wp\/v2\/media?parent=6361"}],"wp:term":[{"taxonomy":"product_brand","embeddable":true,"href":"https:\/\/www.sinoglass.com\/de\/wp-json\/wp\/v2\/product_brand?post=6361"},{"taxonomy":"product_cat","embeddable":true,"href":"https:\/\/www.sinoglass.com\/de\/wp-json\/wp\/v2\/product_cat?post=6361"},{"taxonomy":"product_tag","embeddable":true,"href":"https:\/\/www.sinoglass.com\/de\/wp-json\/wp\/v2\/product_tag?post=6361"}],"curies":[{"name":"WP","href":"https:\/\/api.w.org\/{rel}","templated":true}]}}