{"id":6349,"date":"2024-09-27T14:56:32","date_gmt":"2024-09-27T06:56:32","guid":{"rendered":"https:\/\/www.sinoglass.com\/?post_type=product&#038;p=6349"},"modified":"2025-02-10T10:51:30","modified_gmt":"2025-02-10T02:51:30","slug":"stainless-steel-drink-bottle","status":"publish","type":"product","link":"https:\/\/www.sinoglass.com\/de\/product\/stainless-steel-drink-bottle\/","title":{"rendered":"20 oz Edelstahl Trinkflasche Doppeldeckel #69411002"},"content":{"rendered":"<p>Ein hei\u00dfes Getr\u00e4nk an einem k\u00fchlen Morgen; ein k\u00fchler Schluck an einem Sommernachmacht \u2013 DOUBLE DRINK THERMAL ist f\u00fcr alle Gelegenheiten geeignet. Doppelwand Edelstahl h\u00e4lt die gew\u00fcnschte Temperatur. F\u00fcr ein kaltes Getr\u00e4nk ist das Silikonstrom auf der einen Seite genau das, was Sie brauchen; Ein Knopf aktiviert und gro\u00dfz\u00fcgiger Auslauf erm\u00f6glicht es Ihnen, die ersten Schlucke hei\u00dfer Kaffee oder Tee zu genie\u00dfen.<\/p>","protected":false},"excerpt":{"rendered":"<p>\u2022 Doppelter Deckel f\u00fcr hei\u00dfe oder kalte Getr\u00e4nke.<br \/>\n\u2022 Perfekt f\u00fcr den t\u00e4glichen Pendel.<br \/>\n\u2022 Kompakter Klappgriff f\u00fcr einfaches Tragen.<br \/>\nTrinken Sie von einer Seite oder schlucken Sie aus einem BPA-freien Plastikstroh.<br \/>\n\u2022 Knopfverschlossener Auslauf.<br \/>\n\u2022 Doppelwand aus Edelstahl.<\/p>","protected":false},"featured_media":6358,"comment_status":"open","ping_status":"closed","template":"","meta":{"_acf_changed":false},"product_brand":[],"product_cat":[73,92],"product_tag":[],"class_list":{"0":"post-6349","1":"product","2":"type-product","3":"status-publish","4":"has-post-thumbnail","6":"product_cat-insulated-bottle","7":"product_cat-water-bottles","9":"first","10":"instock","11":"shipping-taxable","12":"purchasable","13":"product-type-variable"},"acf":[],"_links":{"self":[{"href":"https:\/\/www.sinoglass.com\/de\/wp-json\/wp\/v2\/product\/6349","targetHints":{"allow":["GET"]}}],"collection":[{"href":"https:\/\/www.sinoglass.com\/de\/wp-json\/wp\/v2\/product"}],"about":[{"href":"https:\/\/www.sinoglass.com\/de\/wp-json\/wp\/v2\/types\/product"}],"replies":[{"embeddable":true,"href":"https:\/\/www.sinoglass.com\/de\/wp-json\/wp\/v2\/comments?post=6349"}],"wp:featuredmedia":[{"embeddable":true,"href":"https:\/\/www.sinoglass.com\/de\/wp-json\/wp\/v2\/media\/6358"}],"wp:attachment":[{"href":"https:\/\/www.sinoglass.com\/de\/wp-json\/wp\/v2\/media?parent=6349"}],"wp:term":[{"taxonomy":"product_brand","embeddable":true,"href":"https:\/\/www.sinoglass.com\/de\/wp-json\/wp\/v2\/product_brand?post=6349"},{"taxonomy":"product_cat","embeddable":true,"href":"https:\/\/www.sinoglass.com\/de\/wp-json\/wp\/v2\/product_cat?post=6349"},{"taxonomy":"product_tag","embeddable":true,"href":"https:\/\/www.sinoglass.com\/de\/wp-json\/wp\/v2\/product_tag?post=6349"}],"curies":[{"name":"WP","href":"https:\/\/api.w.org\/{rel}","templated":true}]}}