{"id":6335,"date":"2024-09-27T13:54:00","date_gmt":"2024-09-27T05:54:00","guid":{"rendered":"https:\/\/www.sinoglass.com\/?post_type=product&#038;p=6335"},"modified":"2025-10-21T13:42:27","modified_gmt":"2025-10-21T05:42:27","slug":"insulated-water-bottle","status":"publish","type":"product","link":"https:\/\/www.sinoglass.com\/de\/product\/insulated-water-bottle\/","title":{"rendered":"Benutzerdefinierte 1L isolierte Wasserflasche mit Stroh #69746001"},"content":{"rendered":"<p>Unsere neue Thermoflasche TAPERED hat ein attraktives konisches Design, das perfekt mit dem sauberen und einfachen SLIDER-Deckel funktioniert. Eine tolle ganzt\u00e4gige Wahl f\u00fcr kalte Getr\u00e4nke, eine Gleitbewegung poppt das bequeme Silikon-Trinkstroh auf. Wenden Sie einen leichten Bissdruck auf, damit Ihre Erfrischung frei flie\u00dft. Thermal S.S. h\u00e4lt es den ganzen Tag kalt.<\/p>","protected":false},"excerpt":{"rendered":"<p>\u2022 Einfache, One-Motion-Aktion zeigt ein integriertes Silikon-Trinkstroh.<br \/>\n\u2022 Formgriff f\u00fcr einfaches Tragen.<br \/>\n\u2022 AutoSEAL Stroh sch\u00fctzt vor Leckagen.<br \/>\n\u2022 Konische Thermoflasche aus Edelstahl.<br \/>\n\u2022 Erh\u00e4ltlich in drei Farben.<br \/>\n\u2022 1000ml \/ 33oz, 750ml \/ 25oz, 550ml \/ 18oz.<\/p>","protected":false},"featured_media":6341,"comment_status":"open","ping_status":"closed","template":"","meta":{"_acf_changed":false},"product_brand":[],"product_cat":[73,92],"product_tag":[],"class_list":{"0":"post-6335","1":"product","2":"type-product","3":"status-publish","4":"has-post-thumbnail","6":"product_cat-insulated-bottle","7":"product_cat-water-bottles","9":"first","10":"instock","11":"shipping-taxable","12":"purchasable","13":"product-type-variable"},"acf":[],"_links":{"self":[{"href":"https:\/\/www.sinoglass.com\/de\/wp-json\/wp\/v2\/product\/6335","targetHints":{"allow":["GET"]}}],"collection":[{"href":"https:\/\/www.sinoglass.com\/de\/wp-json\/wp\/v2\/product"}],"about":[{"href":"https:\/\/www.sinoglass.com\/de\/wp-json\/wp\/v2\/types\/product"}],"replies":[{"embeddable":true,"href":"https:\/\/www.sinoglass.com\/de\/wp-json\/wp\/v2\/comments?post=6335"}],"wp:featuredmedia":[{"embeddable":true,"href":"https:\/\/www.sinoglass.com\/de\/wp-json\/wp\/v2\/media\/6341"}],"wp:attachment":[{"href":"https:\/\/www.sinoglass.com\/de\/wp-json\/wp\/v2\/media?parent=6335"}],"wp:term":[{"taxonomy":"product_brand","embeddable":true,"href":"https:\/\/www.sinoglass.com\/de\/wp-json\/wp\/v2\/product_brand?post=6335"},{"taxonomy":"product_cat","embeddable":true,"href":"https:\/\/www.sinoglass.com\/de\/wp-json\/wp\/v2\/product_cat?post=6335"},{"taxonomy":"product_tag","embeddable":true,"href":"https:\/\/www.sinoglass.com\/de\/wp-json\/wp\/v2\/product_tag?post=6335"}],"curies":[{"name":"WP","href":"https:\/\/api.w.org\/{rel}","templated":true}]}}