{"id":6258,"date":"2024-09-13T16:22:09","date_gmt":"2024-09-13T08:22:09","guid":{"rendered":"https:\/\/www.sinoglass.com\/?post_type=product&#038;p=6258"},"modified":"2026-03-06T16:50:13","modified_gmt":"2026-03-06T08:50:13","slug":"airtight-plastic-storage-jar","status":"publish","type":"product","link":"https:\/\/www.sinoglass.com\/de\/product\/airtight-plastic-storage-jar\/","title":{"rendered":"Luftdichte Kunststoff-Lagerklas SAVE-THE-DATE LID #99262010"},"content":{"rendered":"<p>Selbst die beste Lagerl\u00f6sung h\u00e4lt Lebensmittel nicht f\u00fcr immer frisch, also m\u00fcssen Sie die Zeit verfolgen. Mit SQUARE\u2022DATE k\u00f6nnen Sie den Monat und den ungef\u00e4hren Tag w\u00e4hlen und sich entspannen. Sie werden wissen, wann Sie Ihre Gegenst\u00e4nde gespeichert haben. Das Zifferblatt ist effizient und klein genug, so dass Sie noch durch die transparente Oberfl\u00e4che sehen k\u00f6nnen. Ein Einschrittsmechanismus greift die Silikondichtung an, um Ihr Essen und Ihre Familie zu sch\u00fctzen. Stapel die vier verf\u00fcgbaren Gr\u00f6\u00dfen f\u00fcr eine noch effizientere Platznutzung. SQUARE\u2022DATE hat dich abgedeckt.<\/p>","protected":false},"excerpt":{"rendered":"<ul>\n<li>Der Save-the-Date-Deckel zeigt an, wann Lebensmittel gelagert wurden.<\/li>\n<li>Sicherer einschrittiger Dichtdeckel.<\/li>\n<li>Mehrere stapelbare Gr\u00f6\u00dfen oder Anpassung.<\/li>\n<li>Einzigartige einfach zu halten Form.<\/li>\n<\/ul>","protected":false},"featured_media":6266,"comment_status":"open","ping_status":"closed","template":"","meta":{"_acf_changed":false},"product_brand":[],"product_cat":[102,101,68],"product_tag":[],"class_list":{"0":"post-6258","1":"product","2":"type-product","3":"status-publish","4":"has-post-thumbnail","6":"product_cat-airtight-food-container","7":"product_cat-plastic-kitchen-storage","8":"product_cat-storage-jars","10":"first","11":"instock","12":"shipping-taxable","13":"purchasable","14":"product-type-variable"},"acf":[],"_links":{"self":[{"href":"https:\/\/www.sinoglass.com\/de\/wp-json\/wp\/v2\/product\/6258","targetHints":{"allow":["GET"]}}],"collection":[{"href":"https:\/\/www.sinoglass.com\/de\/wp-json\/wp\/v2\/product"}],"about":[{"href":"https:\/\/www.sinoglass.com\/de\/wp-json\/wp\/v2\/types\/product"}],"replies":[{"embeddable":true,"href":"https:\/\/www.sinoglass.com\/de\/wp-json\/wp\/v2\/comments?post=6258"}],"wp:featuredmedia":[{"embeddable":true,"href":"https:\/\/www.sinoglass.com\/de\/wp-json\/wp\/v2\/media\/6266"}],"wp:attachment":[{"href":"https:\/\/www.sinoglass.com\/de\/wp-json\/wp\/v2\/media?parent=6258"}],"wp:term":[{"taxonomy":"product_brand","embeddable":true,"href":"https:\/\/www.sinoglass.com\/de\/wp-json\/wp\/v2\/product_brand?post=6258"},{"taxonomy":"product_cat","embeddable":true,"href":"https:\/\/www.sinoglass.com\/de\/wp-json\/wp\/v2\/product_cat?post=6258"},{"taxonomy":"product_tag","embeddable":true,"href":"https:\/\/www.sinoglass.com\/de\/wp-json\/wp\/v2\/product_tag?post=6258"}],"curies":[{"name":"WP","href":"https:\/\/api.w.org\/{rel}","templated":true}]}}