{"id":6244,"date":"2024-09-13T15:48:22","date_gmt":"2024-09-13T07:48:22","guid":{"rendered":"https:\/\/www.sinoglass.com\/?post_type=product&#038;p=6244"},"modified":"2026-03-06T16:51:53","modified_gmt":"2026-03-06T08:51:53","slug":"airtight-plastic-containers","status":"publish","type":"product","link":"https:\/\/www.sinoglass.com\/de\/product\/airtight-plastic-containers\/","title":{"rendered":"Luftdichte Kunststoff Lebensmittelbeh\u00e4lter #99262000"},"content":{"rendered":"<p>Alle besten Elemente der K\u00fcchenaufbewahrung befinden sich in den neuen SQUARE\u2022LOK Containern. Mit einem gro\u00dfen, transparenten Deckel k\u00f6nnen Sie den Inhalt auch in einer Schublade sehen, und der bew\u00e4hrte Deckelmechanismus versiegelt und entdichtet den Inhalt mit einer einfachen Operation. Einschr\u00e4nkter Regalplatz ist kein Problem. Die quadratische Form sitzt nebeneinander, und Sie k\u00f6nnen die vier Gr\u00f6\u00dfen von SQUARE\u2022LOK aufstapeln, um Ihren Anforderungen zu entsprechen. Auch nebeneinander sitzend machen die einzigartig geformten Seiten des Beh\u00e4lters die Abholung einfach. Klarer und sicherer Kunststoff ist genau richtig f\u00fcr eine gesch\u00e4ftige K\u00fcche. Lager, versiegel und sieh mit SQUARE\u2022LOK!<\/p>","protected":false},"excerpt":{"rendered":"<ul>\n<li>Gro\u00dfe transparente Oberfl\u00e4che zum Anzeigen der Inhalte.<\/li>\n<li>Sicherer einschrittiger Dichtdeckel.<\/li>\n<li>BPA-freie Lebensmittelqualit\u00e4t Plastikgl\u00e4ser.<\/li>\n<li>Einzigartige einfach zu halten Form.<\/li>\n<li>Mehrere stapelbare Gr\u00f6\u00dfen oder anpassbar.<\/li>\n<\/ul>","protected":false},"featured_media":6247,"comment_status":"open","ping_status":"closed","template":"","meta":{"_acf_changed":false},"product_brand":[],"product_cat":[102,101,68],"product_tag":[],"class_list":{"0":"post-6244","1":"product","2":"type-product","3":"status-publish","4":"has-post-thumbnail","6":"product_cat-airtight-food-container","7":"product_cat-plastic-kitchen-storage","8":"product_cat-storage-jars","10":"first","11":"instock","12":"shipping-taxable","13":"purchasable","14":"product-type-variable"},"acf":[],"_links":{"self":[{"href":"https:\/\/www.sinoglass.com\/de\/wp-json\/wp\/v2\/product\/6244","targetHints":{"allow":["GET"]}}],"collection":[{"href":"https:\/\/www.sinoglass.com\/de\/wp-json\/wp\/v2\/product"}],"about":[{"href":"https:\/\/www.sinoglass.com\/de\/wp-json\/wp\/v2\/types\/product"}],"replies":[{"embeddable":true,"href":"https:\/\/www.sinoglass.com\/de\/wp-json\/wp\/v2\/comments?post=6244"}],"wp:featuredmedia":[{"embeddable":true,"href":"https:\/\/www.sinoglass.com\/de\/wp-json\/wp\/v2\/media\/6247"}],"wp:attachment":[{"href":"https:\/\/www.sinoglass.com\/de\/wp-json\/wp\/v2\/media?parent=6244"}],"wp:term":[{"taxonomy":"product_brand","embeddable":true,"href":"https:\/\/www.sinoglass.com\/de\/wp-json\/wp\/v2\/product_brand?post=6244"},{"taxonomy":"product_cat","embeddable":true,"href":"https:\/\/www.sinoglass.com\/de\/wp-json\/wp\/v2\/product_cat?post=6244"},{"taxonomy":"product_tag","embeddable":true,"href":"https:\/\/www.sinoglass.com\/de\/wp-json\/wp\/v2\/product_tag?post=6244"}],"curies":[{"name":"WP","href":"https:\/\/api.w.org\/{rel}","templated":true}]}}