{"id":6203,"date":"2024-09-12T13:57:24","date_gmt":"2024-09-12T05:57:24","guid":{"rendered":"https:\/\/www.sinoglass.com\/?post_type=product&#038;p=6203"},"modified":"2024-09-12T16:16:13","modified_gmt":"2024-09-12T08:16:13","slug":"large-glass-food-storage-jar","status":"publish","type":"product","link":"https:\/\/www.sinoglass.com\/de\/product\/large-glass-food-storage-jar\/","title":{"rendered":"Gro\u00dfes Glas Lebensmittelaufbewahrungsglas #94192000"},"content":{"rendered":"<p>Der BIG Belly-shaped Jar \u00fcbernimmt die Eleganz und Vielseitigkeit von Edelstahl und f\u00fcgt die Sicherheit eines robusten verschraubten Deckels hinzu. Mit vier Gr\u00f6\u00dfen zur Auswahl k\u00f6nnen die gro\u00dfen Kanistergl\u00e4ser alles aufbewahren, was Sie brauchen, und das mit Stil tun.<\/p>","protected":false},"excerpt":{"rendered":"<ul>\n<li>Vier verf\u00fcgbare Gr\u00f6\u00dfen oder angepasst.<\/li>\n<li>Deckel aus Edelstahl.<\/li>\n<li>Langlebige gro\u00dfe Glasgl\u00e4ser.<\/li>\n<\/ul>","protected":false},"featured_media":6210,"comment_status":"open","ping_status":"closed","template":"","meta":{"_acf_changed":false},"product_brand":[],"product_cat":[102,100,68],"product_tag":[],"class_list":{"0":"post-6203","1":"product","2":"type-product","3":"status-publish","4":"has-post-thumbnail","6":"product_cat-airtight-food-container","7":"product_cat-glass-storage-jar","8":"product_cat-storage-jars","10":"first","11":"instock","12":"shipping-taxable","13":"purchasable","14":"product-type-variable"},"acf":[],"_links":{"self":[{"href":"https:\/\/www.sinoglass.com\/de\/wp-json\/wp\/v2\/product\/6203","targetHints":{"allow":["GET"]}}],"collection":[{"href":"https:\/\/www.sinoglass.com\/de\/wp-json\/wp\/v2\/product"}],"about":[{"href":"https:\/\/www.sinoglass.com\/de\/wp-json\/wp\/v2\/types\/product"}],"replies":[{"embeddable":true,"href":"https:\/\/www.sinoglass.com\/de\/wp-json\/wp\/v2\/comments?post=6203"}],"wp:featuredmedia":[{"embeddable":true,"href":"https:\/\/www.sinoglass.com\/de\/wp-json\/wp\/v2\/media\/6210"}],"wp:attachment":[{"href":"https:\/\/www.sinoglass.com\/de\/wp-json\/wp\/v2\/media?parent=6203"}],"wp:term":[{"taxonomy":"product_brand","embeddable":true,"href":"https:\/\/www.sinoglass.com\/de\/wp-json\/wp\/v2\/product_brand?post=6203"},{"taxonomy":"product_cat","embeddable":true,"href":"https:\/\/www.sinoglass.com\/de\/wp-json\/wp\/v2\/product_cat?post=6203"},{"taxonomy":"product_tag","embeddable":true,"href":"https:\/\/www.sinoglass.com\/de\/wp-json\/wp\/v2\/product_tag?post=6203"}],"curies":[{"name":"WP","href":"https:\/\/api.w.org\/{rel}","templated":true}]}}