{"id":6196,"date":"2024-09-12T13:46:31","date_gmt":"2024-09-12T05:46:31","guid":{"rendered":"https:\/\/www.sinoglass.com\/?post_type=product&#038;p=6196"},"modified":"2024-09-12T16:17:34","modified_gmt":"2024-09-12T08:17:34","slug":"large-glass-canisters","status":"publish","type":"product","link":"https:\/\/www.sinoglass.com\/de\/product\/large-glass-canisters\/","title":{"rendered":"Gro\u00dfe Glasbeh\u00e4lter luftdichte Messdeckel #98922000"},"content":{"rendered":"<p>Unsere neuen RINGTOP Storage Glass leisten mehr als nur die sichere und saubere Lagerung Ihrer Lebensmittel. Der Schraubdeckel ist auch ein Messbecher mit genauen \u00bc-, \u00bd-, \u00be- und 1-Tassen-Messungen, die auf der Seite klar gedruckt sind. Mit dem Ring am Deckel k\u00f6nnen Sie ihn w\u00e4hrend der Messung sicher halten.<\/p>","protected":false},"excerpt":{"rendered":"<ul>\n<li>Vier verf\u00fcgbare Gr\u00f6\u00dfen oder angepasst.<\/li>\n<li>Ring Top Messdeckel.<\/li>\n<li>Langlebige gro\u00dfe Glasgl\u00e4ser.<\/li>\n<\/ul>","protected":false},"featured_media":6199,"comment_status":"open","ping_status":"closed","template":"","meta":{"_acf_changed":false},"product_brand":[],"product_cat":[102,100,68],"product_tag":[],"class_list":{"0":"post-6196","1":"product","2":"type-product","3":"status-publish","4":"has-post-thumbnail","6":"product_cat-airtight-food-container","7":"product_cat-glass-storage-jar","8":"product_cat-storage-jars","10":"first","11":"instock","12":"shipping-taxable","13":"purchasable","14":"product-type-variable"},"acf":[],"_links":{"self":[{"href":"https:\/\/www.sinoglass.com\/de\/wp-json\/wp\/v2\/product\/6196","targetHints":{"allow":["GET"]}}],"collection":[{"href":"https:\/\/www.sinoglass.com\/de\/wp-json\/wp\/v2\/product"}],"about":[{"href":"https:\/\/www.sinoglass.com\/de\/wp-json\/wp\/v2\/types\/product"}],"replies":[{"embeddable":true,"href":"https:\/\/www.sinoglass.com\/de\/wp-json\/wp\/v2\/comments?post=6196"}],"wp:featuredmedia":[{"embeddable":true,"href":"https:\/\/www.sinoglass.com\/de\/wp-json\/wp\/v2\/media\/6199"}],"wp:attachment":[{"href":"https:\/\/www.sinoglass.com\/de\/wp-json\/wp\/v2\/media?parent=6196"}],"wp:term":[{"taxonomy":"product_brand","embeddable":true,"href":"https:\/\/www.sinoglass.com\/de\/wp-json\/wp\/v2\/product_brand?post=6196"},{"taxonomy":"product_cat","embeddable":true,"href":"https:\/\/www.sinoglass.com\/de\/wp-json\/wp\/v2\/product_cat?post=6196"},{"taxonomy":"product_tag","embeddable":true,"href":"https:\/\/www.sinoglass.com\/de\/wp-json\/wp\/v2\/product_tag?post=6196"}],"curies":[{"name":"WP","href":"https:\/\/api.w.org\/{rel}","templated":true}]}}