{"id":6188,"date":"2024-09-12T13:12:51","date_gmt":"2024-09-12T05:12:51","guid":{"rendered":"https:\/\/www.sinoglass.com\/?post_type=product&#038;p=6188"},"modified":"2024-09-12T13:45:01","modified_gmt":"2024-09-12T05:45:01","slug":"large-glass-food-storage-containers","status":"publish","type":"product","link":"https:\/\/www.sinoglass.com\/de\/product\/large-glass-food-storage-containers\/","title":{"rendered":"Gro\u00dfer Glas Lebensmittellagerbeh\u00e4lter #99032000"},"content":{"rendered":"<p>Der DIXIE ist ein robustes Lagergelar mit klassischem Gef\u00fchl und besteht aus dauerhaftem Soda-Kalkglas. Der eingeformte und strukturierte Griffbereich ist attraktiv und funktional. Mehrere Standarddeckel passen perfekt, und der Stil erg\u00e4nzt jede K\u00fcchendekoration.<\/p>","protected":false},"excerpt":{"rendered":"<ul>\n<li>Eingebener Easy-Grip-Bereich.<\/li>\n<li>Drei verf\u00fcgbare Gr\u00f6\u00dfen.<\/li>\n<li>Ring Top Messdeckel.<\/li>\n<\/ul>","protected":false},"featured_media":6190,"comment_status":"open","ping_status":"closed","template":"","meta":{"_acf_changed":false},"product_brand":[],"product_cat":[102,100,68],"product_tag":[],"class_list":{"0":"post-6188","1":"product","2":"type-product","3":"status-publish","4":"has-post-thumbnail","6":"product_cat-airtight-food-container","7":"product_cat-glass-storage-jar","8":"product_cat-storage-jars","10":"first","11":"instock","12":"shipping-taxable","13":"purchasable","14":"product-type-variable"},"acf":[],"_links":{"self":[{"href":"https:\/\/www.sinoglass.com\/de\/wp-json\/wp\/v2\/product\/6188","targetHints":{"allow":["GET"]}}],"collection":[{"href":"https:\/\/www.sinoglass.com\/de\/wp-json\/wp\/v2\/product"}],"about":[{"href":"https:\/\/www.sinoglass.com\/de\/wp-json\/wp\/v2\/types\/product"}],"replies":[{"embeddable":true,"href":"https:\/\/www.sinoglass.com\/de\/wp-json\/wp\/v2\/comments?post=6188"}],"wp:featuredmedia":[{"embeddable":true,"href":"https:\/\/www.sinoglass.com\/de\/wp-json\/wp\/v2\/media\/6190"}],"wp:attachment":[{"href":"https:\/\/www.sinoglass.com\/de\/wp-json\/wp\/v2\/media?parent=6188"}],"wp:term":[{"taxonomy":"product_brand","embeddable":true,"href":"https:\/\/www.sinoglass.com\/de\/wp-json\/wp\/v2\/product_brand?post=6188"},{"taxonomy":"product_cat","embeddable":true,"href":"https:\/\/www.sinoglass.com\/de\/wp-json\/wp\/v2\/product_cat?post=6188"},{"taxonomy":"product_tag","embeddable":true,"href":"https:\/\/www.sinoglass.com\/de\/wp-json\/wp\/v2\/product_tag?post=6188"}],"curies":[{"name":"WP","href":"https:\/\/api.w.org\/{rel}","templated":true}]}}