{"id":6178,"date":"2024-09-11T17:47:41","date_gmt":"2024-09-11T09:47:41","guid":{"rendered":"https:\/\/www.sinoglass.com\/?post_type=product&#038;p=6178"},"modified":"2024-09-12T17:07:10","modified_gmt":"2024-09-12T09:07:10","slug":"large-food-storage-containers","status":"publish","type":"product","link":"https:\/\/www.sinoglass.com\/de\/product\/large-food-storage-containers\/","title":{"rendered":"Gro\u00dfe Lebensmittellagerbeh\u00e4lter S\/S Deckel #9903A0001"},"content":{"rendered":"<p>Der DIXIE ist ein robustes Lagergelar mit klassischem Gef\u00fchl und besteht aus dauerhaftem Soda-Kalkglas. Der eingeformte und strukturierte Griffbereich ist attraktiv und funktional. Mehrere Standarddeckel passen perfekt, und der Stil erg\u00e4nzt jede K\u00fcchendekoration.<\/p>","protected":false},"excerpt":{"rendered":"<ul>\n<li>Eingebener Easy-Grip-Bereich.<\/li>\n<li>Drei verf\u00fcgbare Gr\u00f6\u00dfen oder angepasst.<\/li>\n<li>18\/8 Edelstahldeckel mit Silikondichtung.<\/li>\n<\/ul>","protected":false},"featured_media":6185,"comment_status":"open","ping_status":"closed","template":"","meta":{"_acf_changed":false},"product_brand":[],"product_cat":[102,100,68],"product_tag":[],"class_list":{"0":"post-6178","1":"product","2":"type-product","3":"status-publish","4":"has-post-thumbnail","6":"product_cat-airtight-food-container","7":"product_cat-glass-storage-jar","8":"product_cat-storage-jars","10":"first","11":"instock","12":"shipping-taxable","13":"purchasable","14":"product-type-variable"},"acf":[],"_links":{"self":[{"href":"https:\/\/www.sinoglass.com\/de\/wp-json\/wp\/v2\/product\/6178","targetHints":{"allow":["GET"]}}],"collection":[{"href":"https:\/\/www.sinoglass.com\/de\/wp-json\/wp\/v2\/product"}],"about":[{"href":"https:\/\/www.sinoglass.com\/de\/wp-json\/wp\/v2\/types\/product"}],"replies":[{"embeddable":true,"href":"https:\/\/www.sinoglass.com\/de\/wp-json\/wp\/v2\/comments?post=6178"}],"wp:featuredmedia":[{"embeddable":true,"href":"https:\/\/www.sinoglass.com\/de\/wp-json\/wp\/v2\/media\/6185"}],"wp:attachment":[{"href":"https:\/\/www.sinoglass.com\/de\/wp-json\/wp\/v2\/media?parent=6178"}],"wp:term":[{"taxonomy":"product_brand","embeddable":true,"href":"https:\/\/www.sinoglass.com\/de\/wp-json\/wp\/v2\/product_brand?post=6178"},{"taxonomy":"product_cat","embeddable":true,"href":"https:\/\/www.sinoglass.com\/de\/wp-json\/wp\/v2\/product_cat?post=6178"},{"taxonomy":"product_tag","embeddable":true,"href":"https:\/\/www.sinoglass.com\/de\/wp-json\/wp\/v2\/product_tag?post=6178"}],"curies":[{"name":"WP","href":"https:\/\/api.w.org\/{rel}","templated":true}]}}