{"id":6167,"date":"2024-09-11T17:34:04","date_gmt":"2024-09-11T09:34:04","guid":{"rendered":"https:\/\/www.sinoglass.com\/?post_type=product&#038;p=6167"},"modified":"2024-09-11T17:46:39","modified_gmt":"2024-09-11T09:46:39","slug":"wholesale-glass-container","status":"publish","type":"product","link":"https:\/\/www.sinoglass.com\/de\/product\/wholesale-glass-container\/","title":{"rendered":"Gro\u00dfhandel Glasbeh\u00e4lter Edelstahl Deckel # 9803A003"},"content":{"rendered":"<p>Einfach, stark, stilvoll. Der DEBRA ist der robuste Glasaufbewahrungsbeh\u00e4lter f\u00fcr jede K\u00fcche. Der verschraubte Edelstahldeckel verf\u00fcgt \u00fcber eine Silikondichtung f\u00fcr Geschmackssicherheit und vier verf\u00fcgbare Gr\u00f6\u00dfen bieten gro\u00dfartige Optionen f\u00fcr Ihre Lagerbed\u00fcrfnisse.<\/p>","protected":false},"excerpt":{"rendered":"<ul>\n<li>Robustes und hygienisches Glas.<\/li>\n<li>Verschraubender Deckel aus Edelstahl.<\/li>\n<li>Vier verf\u00fcgbare Gr\u00f6\u00dfen oder angepasst.<\/li>\n<\/ul>","protected":false},"featured_media":6171,"comment_status":"open","ping_status":"closed","template":"","meta":{"_acf_changed":false},"product_brand":[],"product_cat":[102,100,68],"product_tag":[],"class_list":{"0":"post-6167","1":"product","2":"type-product","3":"status-publish","4":"has-post-thumbnail","6":"product_cat-airtight-food-container","7":"product_cat-glass-storage-jar","8":"product_cat-storage-jars","10":"first","11":"instock","12":"shipping-taxable","13":"purchasable","14":"product-type-variable"},"acf":[],"_links":{"self":[{"href":"https:\/\/www.sinoglass.com\/de\/wp-json\/wp\/v2\/product\/6167","targetHints":{"allow":["GET"]}}],"collection":[{"href":"https:\/\/www.sinoglass.com\/de\/wp-json\/wp\/v2\/product"}],"about":[{"href":"https:\/\/www.sinoglass.com\/de\/wp-json\/wp\/v2\/types\/product"}],"replies":[{"embeddable":true,"href":"https:\/\/www.sinoglass.com\/de\/wp-json\/wp\/v2\/comments?post=6167"}],"wp:featuredmedia":[{"embeddable":true,"href":"https:\/\/www.sinoglass.com\/de\/wp-json\/wp\/v2\/media\/6171"}],"wp:attachment":[{"href":"https:\/\/www.sinoglass.com\/de\/wp-json\/wp\/v2\/media?parent=6167"}],"wp:term":[{"taxonomy":"product_brand","embeddable":true,"href":"https:\/\/www.sinoglass.com\/de\/wp-json\/wp\/v2\/product_brand?post=6167"},{"taxonomy":"product_cat","embeddable":true,"href":"https:\/\/www.sinoglass.com\/de\/wp-json\/wp\/v2\/product_cat?post=6167"},{"taxonomy":"product_tag","embeddable":true,"href":"https:\/\/www.sinoglass.com\/de\/wp-json\/wp\/v2\/product_tag?post=6167"}],"curies":[{"name":"WP","href":"https:\/\/api.w.org\/{rel}","templated":true}]}}