{"id":6160,"date":"2024-09-11T17:21:55","date_gmt":"2024-09-11T09:21:55","guid":{"rendered":"https:\/\/www.sinoglass.com\/?post_type=product&#038;p=6160"},"modified":"2024-09-11T17:31:23","modified_gmt":"2024-09-11T09:31:23","slug":"wide-mouth-glass-jar","status":"publish","type":"product","link":"https:\/\/www.sinoglass.com\/de\/product\/wide-mouth-glass-jar\/","title":{"rendered":"Breiter Mund Glas Gl\u00e4ser Griff Deckel #98751002"},"content":{"rendered":"<p>Die CAPSULE CARRY ist ein stilvolles und lustiges Glas, das richtig aussieht und eng versiegelt. Sie k\u00f6nnen eine Vielzahl von Farben in drei verschiedenen Gr\u00f6\u00dfen erhalten. Die innere Silikondichtung h\u00e4lt alles frisch.<\/p>","protected":false},"excerpt":{"rendered":"<ul>\n<li>Bequemer Griff.<\/li>\n<li>Anpassbare Deckelfarben.<\/li>\n<li>Langlebige Glas- und Silikondichtung.<\/li>\n<\/ul>","protected":false},"featured_media":6165,"comment_status":"open","ping_status":"closed","template":"","meta":{"_acf_changed":false},"product_brand":[],"product_cat":[102,100,68],"product_tag":[],"class_list":{"0":"post-6160","1":"product","2":"type-product","3":"status-publish","4":"has-post-thumbnail","6":"product_cat-airtight-food-container","7":"product_cat-glass-storage-jar","8":"product_cat-storage-jars","10":"first","11":"instock","12":"shipping-taxable","13":"purchasable","14":"product-type-variable"},"acf":[],"_links":{"self":[{"href":"https:\/\/www.sinoglass.com\/de\/wp-json\/wp\/v2\/product\/6160","targetHints":{"allow":["GET"]}}],"collection":[{"href":"https:\/\/www.sinoglass.com\/de\/wp-json\/wp\/v2\/product"}],"about":[{"href":"https:\/\/www.sinoglass.com\/de\/wp-json\/wp\/v2\/types\/product"}],"replies":[{"embeddable":true,"href":"https:\/\/www.sinoglass.com\/de\/wp-json\/wp\/v2\/comments?post=6160"}],"wp:featuredmedia":[{"embeddable":true,"href":"https:\/\/www.sinoglass.com\/de\/wp-json\/wp\/v2\/media\/6165"}],"wp:attachment":[{"href":"https:\/\/www.sinoglass.com\/de\/wp-json\/wp\/v2\/media?parent=6160"}],"wp:term":[{"taxonomy":"product_brand","embeddable":true,"href":"https:\/\/www.sinoglass.com\/de\/wp-json\/wp\/v2\/product_brand?post=6160"},{"taxonomy":"product_cat","embeddable":true,"href":"https:\/\/www.sinoglass.com\/de\/wp-json\/wp\/v2\/product_cat?post=6160"},{"taxonomy":"product_tag","embeddable":true,"href":"https:\/\/www.sinoglass.com\/de\/wp-json\/wp\/v2\/product_tag?post=6160"}],"curies":[{"name":"WP","href":"https:\/\/api.w.org\/{rel}","templated":true}]}}