{"id":6150,"date":"2024-09-11T17:11:10","date_gmt":"2024-09-11T09:11:10","guid":{"rendered":"https:\/\/www.sinoglass.com\/?post_type=product&#038;p=6150"},"modified":"2024-09-11T17:21:32","modified_gmt":"2024-09-11T09:21:32","slug":"glass-jars-screw-lids","status":"publish","type":"product","link":"https:\/\/www.sinoglass.com\/de\/product\/glass-jars-screw-lids\/","title":{"rendered":"K\u00fcche Glas Gl\u00e4ser gemessen Schraubendeckel #98401001"},"content":{"rendered":"<p>Die CAPSULE ist eine beliebte Wahl f\u00fcr die K\u00fcchenaufbewahrung, mit stilvollen und n\u00fctzlichen Funktionen. Es ist ein Look, der genau f\u00fcr Ihre K\u00fcche geeignet ist.<\/p>","protected":false},"excerpt":{"rendered":"<ul>\n<li>Einfache, aber elegante Form aus hochwertigem Glas.<\/li>\n<li>Der drehbare, luftdichte Deckel verf\u00fcgt \u00fcber eine eingebaute Messwaage.<\/li>\n<li>Teil der Kapselkollektion.<\/li>\n<\/ul>","protected":false},"featured_media":6158,"comment_status":"open","ping_status":"closed","template":"","meta":{"_acf_changed":false},"product_brand":[],"product_cat":[102,100,68],"product_tag":[],"class_list":{"0":"post-6150","1":"product","2":"type-product","3":"status-publish","4":"has-post-thumbnail","6":"product_cat-airtight-food-container","7":"product_cat-glass-storage-jar","8":"product_cat-storage-jars","10":"first","11":"instock","12":"shipping-taxable","13":"purchasable","14":"product-type-variable"},"acf":[],"_links":{"self":[{"href":"https:\/\/www.sinoglass.com\/de\/wp-json\/wp\/v2\/product\/6150","targetHints":{"allow":["GET"]}}],"collection":[{"href":"https:\/\/www.sinoglass.com\/de\/wp-json\/wp\/v2\/product"}],"about":[{"href":"https:\/\/www.sinoglass.com\/de\/wp-json\/wp\/v2\/types\/product"}],"replies":[{"embeddable":true,"href":"https:\/\/www.sinoglass.com\/de\/wp-json\/wp\/v2\/comments?post=6150"}],"wp:featuredmedia":[{"embeddable":true,"href":"https:\/\/www.sinoglass.com\/de\/wp-json\/wp\/v2\/media\/6158"}],"wp:attachment":[{"href":"https:\/\/www.sinoglass.com\/de\/wp-json\/wp\/v2\/media?parent=6150"}],"wp:term":[{"taxonomy":"product_brand","embeddable":true,"href":"https:\/\/www.sinoglass.com\/de\/wp-json\/wp\/v2\/product_brand?post=6150"},{"taxonomy":"product_cat","embeddable":true,"href":"https:\/\/www.sinoglass.com\/de\/wp-json\/wp\/v2\/product_cat?post=6150"},{"taxonomy":"product_tag","embeddable":true,"href":"https:\/\/www.sinoglass.com\/de\/wp-json\/wp\/v2\/product_tag?post=6150"}],"curies":[{"name":"WP","href":"https:\/\/api.w.org\/{rel}","templated":true}]}}