{"id":6136,"date":"2024-09-11T16:43:17","date_gmt":"2024-09-11T08:43:17","guid":{"rendered":"https:\/\/www.sinoglass.com\/?post_type=product&#038;p=6136"},"modified":"2024-09-11T17:09:06","modified_gmt":"2024-09-11T09:09:06","slug":"glass-canister-set","status":"publish","type":"product","link":"https:\/\/www.sinoglass.com\/de\/product\/glass-canister-set\/","title":{"rendered":"Glasbeh\u00e4lter Vergr\u00f6\u00dferung Top Set #98831002"},"content":{"rendered":"<p>Perfekt f\u00fcr einen Schrank oder eine Schublade, hat das BIG EYE Glas eine \u00dcberraschung - Sie m\u00fcssen nicht zu nah schauen, weil die Oberseite eine Lupe ist. Sie k\u00f6nnen nicht nur sehen, was \u00fcbrig ist, sondern Sie k\u00f6nnen es sehr deutlich sehen. Das andere Merkmal des Deckels ist eine texturierte Grifffreundliche Oberfl\u00e4che, die das \u00d6ffnen schnell macht.<\/p>","protected":false},"excerpt":{"rendered":"<ul>\n<li>Sehen Sie die Zutaten von der Seite oder von oben.<\/li>\n<li>Texturierter Deckel f\u00fcr einen stabilen Griff.<\/li>\n<li>Big Eye Lupe bietet einen klaren Blick.<\/li>\n<\/ul>","protected":false},"featured_media":6147,"comment_status":"open","ping_status":"closed","template":"","meta":{"_acf_changed":false},"product_brand":[],"product_cat":[102,100,68],"product_tag":[],"class_list":{"0":"post-6136","1":"product","2":"type-product","3":"status-publish","4":"has-post-thumbnail","6":"product_cat-airtight-food-container","7":"product_cat-glass-storage-jar","8":"product_cat-storage-jars","10":"first","11":"instock","12":"shipping-taxable","13":"purchasable","14":"product-type-variable"},"acf":[],"_links":{"self":[{"href":"https:\/\/www.sinoglass.com\/de\/wp-json\/wp\/v2\/product\/6136","targetHints":{"allow":["GET"]}}],"collection":[{"href":"https:\/\/www.sinoglass.com\/de\/wp-json\/wp\/v2\/product"}],"about":[{"href":"https:\/\/www.sinoglass.com\/de\/wp-json\/wp\/v2\/types\/product"}],"replies":[{"embeddable":true,"href":"https:\/\/www.sinoglass.com\/de\/wp-json\/wp\/v2\/comments?post=6136"}],"wp:featuredmedia":[{"embeddable":true,"href":"https:\/\/www.sinoglass.com\/de\/wp-json\/wp\/v2\/media\/6147"}],"wp:attachment":[{"href":"https:\/\/www.sinoglass.com\/de\/wp-json\/wp\/v2\/media?parent=6136"}],"wp:term":[{"taxonomy":"product_brand","embeddable":true,"href":"https:\/\/www.sinoglass.com\/de\/wp-json\/wp\/v2\/product_brand?post=6136"},{"taxonomy":"product_cat","embeddable":true,"href":"https:\/\/www.sinoglass.com\/de\/wp-json\/wp\/v2\/product_cat?post=6136"},{"taxonomy":"product_tag","embeddable":true,"href":"https:\/\/www.sinoglass.com\/de\/wp-json\/wp\/v2\/product_tag?post=6136"}],"curies":[{"name":"WP","href":"https:\/\/api.w.org\/{rel}","templated":true}]}}