{"id":6116,"date":"2024-09-11T16:01:59","date_gmt":"2024-09-11T08:01:59","guid":{"rendered":"https:\/\/www.sinoglass.com\/?post_type=product&#038;p=6116"},"modified":"2024-09-11T16:25:33","modified_gmt":"2024-09-11T08:25:33","slug":"glass-airtight-containers-for-kitchen","status":"publish","type":"product","link":"https:\/\/www.sinoglass.com\/de\/product\/glass-airtight-containers-for-kitchen\/","title":{"rendered":"Glas luftdichte Beh\u00e4lter f\u00fcr K\u00fcche #99162003"},"content":{"rendered":"<p>Ein Glas ist nur ein Glas, es sei denn, es ist der CLICKER, der von unserer neuen Press &amp; amp; L\u00f6sen Sie den Silikon-versiegelten Deckel. Dr\u00fccken Sie nach unten, h\u00f6ren Sie den Klick und lassen Sie es los. Der Deckel \u00f6ffnet sich automatisch. Dr\u00fccken Sie erneut, h\u00f6ren Sie den Klick, und der Deckel verschlie\u00dft und dichtet. Eine weitere neue und lustige Innovation ist der CLICKER in vier Gr\u00f6\u00dfen aus robustem, hygienischem Glas erh\u00e4ltlich.<\/p>","protected":false},"excerpt":{"rendered":"<ul>\n<li>Innovative Presse &amp; Deckel freisetzen.<\/li>\n<li>Luftdichte Silikondichtung.<\/li>\n<li>Zwei verf\u00fcgbare Gr\u00f6\u00dfen in robustem Glas.<\/li>\n<\/ul>","protected":false},"featured_media":6124,"comment_status":"open","ping_status":"closed","template":"","meta":{"_acf_changed":false},"product_brand":[],"product_cat":[102,100,68],"product_tag":[],"class_list":{"0":"post-6116","1":"product","2":"type-product","3":"status-publish","4":"has-post-thumbnail","6":"product_cat-airtight-food-container","7":"product_cat-glass-storage-jar","8":"product_cat-storage-jars","10":"first","11":"instock","12":"shipping-taxable","13":"purchasable","14":"product-type-variable"},"acf":[],"_links":{"self":[{"href":"https:\/\/www.sinoglass.com\/de\/wp-json\/wp\/v2\/product\/6116","targetHints":{"allow":["GET"]}}],"collection":[{"href":"https:\/\/www.sinoglass.com\/de\/wp-json\/wp\/v2\/product"}],"about":[{"href":"https:\/\/www.sinoglass.com\/de\/wp-json\/wp\/v2\/types\/product"}],"replies":[{"embeddable":true,"href":"https:\/\/www.sinoglass.com\/de\/wp-json\/wp\/v2\/comments?post=6116"}],"wp:featuredmedia":[{"embeddable":true,"href":"https:\/\/www.sinoglass.com\/de\/wp-json\/wp\/v2\/media\/6124"}],"wp:attachment":[{"href":"https:\/\/www.sinoglass.com\/de\/wp-json\/wp\/v2\/media?parent=6116"}],"wp:term":[{"taxonomy":"product_brand","embeddable":true,"href":"https:\/\/www.sinoglass.com\/de\/wp-json\/wp\/v2\/product_brand?post=6116"},{"taxonomy":"product_cat","embeddable":true,"href":"https:\/\/www.sinoglass.com\/de\/wp-json\/wp\/v2\/product_cat?post=6116"},{"taxonomy":"product_tag","embeddable":true,"href":"https:\/\/www.sinoglass.com\/de\/wp-json\/wp\/v2\/product_tag?post=6116"}],"curies":[{"name":"WP","href":"https:\/\/api.w.org\/{rel}","templated":true}]}}