{"id":6094,"date":"2024-09-11T14:48:23","date_gmt":"2024-09-11T06:48:23","guid":{"rendered":"https:\/\/www.sinoglass.com\/?post_type=product&#038;p=6094"},"modified":"2024-09-11T15:10:42","modified_gmt":"2024-09-11T07:10:42","slug":"glass-coffee-container-jars","status":"publish","type":"product","link":"https:\/\/www.sinoglass.com\/de\/product\/glass-coffee-container-jars\/","title":{"rendered":"Glas Kaffeebeh\u00e4lter Gl\u00e4ser Druckl\u00f6sung #98602000"},"content":{"rendered":"<p>Closing the sturdy lid of a quality storage jar can trap air inside, which is not good for freshness. But how do you release the pressure? Now it\u2019s easy with the BLACK MAX. Just push the button on the top. Excess air is quickly gone, then a simple push on the button reseals the jar.<\/p>","protected":false},"excerpt":{"rendered":"<ul>\n<li>Gro\u00dfe Kapazit\u00e4t Borosilikatglas.<\/li>\n<li>Qualit\u00e4tssilikondichtung ist luftdicht.<\/li>\n<li>Einfacher Druckl\u00f6seknopf l\u00e4sst die Luft raus, h\u00e4lt in der Frische.<\/li>\n<\/ul>","protected":false},"featured_media":6101,"comment_status":"open","ping_status":"closed","template":"","meta":{"_acf_changed":false},"product_brand":[],"product_cat":[102,100,68],"product_tag":[],"class_list":{"0":"post-6094","1":"product","2":"type-product","3":"status-publish","4":"has-post-thumbnail","6":"product_cat-airtight-food-container","7":"product_cat-glass-storage-jar","8":"product_cat-storage-jars","10":"first","11":"instock","12":"shipping-taxable","13":"purchasable","14":"product-type-variable"},"acf":[],"_links":{"self":[{"href":"https:\/\/www.sinoglass.com\/de\/wp-json\/wp\/v2\/product\/6094","targetHints":{"allow":["GET"]}}],"collection":[{"href":"https:\/\/www.sinoglass.com\/de\/wp-json\/wp\/v2\/product"}],"about":[{"href":"https:\/\/www.sinoglass.com\/de\/wp-json\/wp\/v2\/types\/product"}],"replies":[{"embeddable":true,"href":"https:\/\/www.sinoglass.com\/de\/wp-json\/wp\/v2\/comments?post=6094"}],"wp:featuredmedia":[{"embeddable":true,"href":"https:\/\/www.sinoglass.com\/de\/wp-json\/wp\/v2\/media\/6101"}],"wp:attachment":[{"href":"https:\/\/www.sinoglass.com\/de\/wp-json\/wp\/v2\/media?parent=6094"}],"wp:term":[{"taxonomy":"product_brand","embeddable":true,"href":"https:\/\/www.sinoglass.com\/de\/wp-json\/wp\/v2\/product_brand?post=6094"},{"taxonomy":"product_cat","embeddable":true,"href":"https:\/\/www.sinoglass.com\/de\/wp-json\/wp\/v2\/product_cat?post=6094"},{"taxonomy":"product_tag","embeddable":true,"href":"https:\/\/www.sinoglass.com\/de\/wp-json\/wp\/v2\/product_tag?post=6094"}],"curies":[{"name":"wp","href":"https:\/\/api.w.org\/{rel}","templated":true}]}}