{"id":6073,"date":"2024-09-11T14:00:57","date_gmt":"2024-09-11T06:00:57","guid":{"rendered":"https:\/\/www.sinoglass.com\/?post_type=product&#038;p=6073"},"modified":"2024-09-11T14:26:21","modified_gmt":"2024-09-11T06:26:21","slug":"glass-jars-metal-lids","status":"publish","type":"product","link":"https:\/\/www.sinoglass.com\/de\/product\/glass-jars-metal-lids\/","title":{"rendered":"Glasgl\u00e4ser Luftfreisetzende Metalldeckel #9877A000"},"content":{"rendered":"<p>Our newest pressure release borosilicate jar not only keeps your food fresh, it also stacks in a compact space. Using the same time-tested mechanism of our popular BLACK MAX, the NO PRESSURE! takes the pressure off your food and your shelf space. Push the button to release excess air, then push again to reseal the jar.<\/p>","protected":false},"excerpt":{"rendered":"<ul>\n<li>Der Druckl\u00f6sendeckel ist f\u00fcr eine bequeme Lagerung stapelbar.<\/li>\n<li>Qualit\u00e4tssilikondichtung ist luftdicht.<\/li>\n<li>Vier verf\u00fcgbare Gr\u00f6\u00dfen oder angepasst.<\/li>\n<\/ul>","protected":false},"featured_media":6076,"comment_status":"open","ping_status":"closed","template":"","meta":{"_acf_changed":false},"product_brand":[],"product_cat":[102,100,68],"product_tag":[],"class_list":{"0":"post-6073","1":"product","2":"type-product","3":"status-publish","4":"has-post-thumbnail","6":"product_cat-airtight-food-container","7":"product_cat-glass-storage-jar","8":"product_cat-storage-jars","10":"first","11":"instock","12":"shipping-taxable","13":"purchasable","14":"product-type-variable"},"acf":[],"_links":{"self":[{"href":"https:\/\/www.sinoglass.com\/de\/wp-json\/wp\/v2\/product\/6073","targetHints":{"allow":["GET"]}}],"collection":[{"href":"https:\/\/www.sinoglass.com\/de\/wp-json\/wp\/v2\/product"}],"about":[{"href":"https:\/\/www.sinoglass.com\/de\/wp-json\/wp\/v2\/types\/product"}],"replies":[{"embeddable":true,"href":"https:\/\/www.sinoglass.com\/de\/wp-json\/wp\/v2\/comments?post=6073"}],"wp:featuredmedia":[{"embeddable":true,"href":"https:\/\/www.sinoglass.com\/de\/wp-json\/wp\/v2\/media\/6076"}],"wp:attachment":[{"href":"https:\/\/www.sinoglass.com\/de\/wp-json\/wp\/v2\/media?parent=6073"}],"wp:term":[{"taxonomy":"product_brand","embeddable":true,"href":"https:\/\/www.sinoglass.com\/de\/wp-json\/wp\/v2\/product_brand?post=6073"},{"taxonomy":"product_cat","embeddable":true,"href":"https:\/\/www.sinoglass.com\/de\/wp-json\/wp\/v2\/product_cat?post=6073"},{"taxonomy":"product_tag","embeddable":true,"href":"https:\/\/www.sinoglass.com\/de\/wp-json\/wp\/v2\/product_tag?post=6073"}],"curies":[{"name":"wp","href":"https:\/\/api.w.org\/{rel}","templated":true}]}}