{"id":6058,"date":"2024-09-11T11:32:46","date_gmt":"2024-09-11T03:32:46","guid":{"rendered":"https:\/\/www.sinoglass.com\/?post_type=product&#038;p=6058"},"modified":"2024-09-11T14:02:20","modified_gmt":"2024-09-11T06:02:20","slug":"flip-tight-glass-food-storage-containers","status":"publish","type":"product","link":"https:\/\/www.sinoglass.com\/de\/product\/flip-tight-glass-food-storage-containers\/","title":{"rendered":"Flip Tight Glas Lebensmittellagerbeh\u00e4lter #99082000"},"content":{"rendered":"<p>Die zeiterprobte und bew\u00e4hrte, schnelle und effektive Ringdichtung ist federgest\u00fctzt f\u00fcr einen Einfingerbetrieb. Wenn die Lasche geschlossen ist, \u00fcbt die Silikondichtung gleichm\u00e4\u00dfigen Druck um den Glas f\u00fcr leckdichte Frische aus. Um Platz zu sparen, ist der JULIUS sicher gestapelt. Vier verf\u00fcgbare Gr\u00f6\u00dfen k\u00f6nnen alle Ihre Lagerbed\u00fcrfnisse in einem hygienischen und komfortablen Raum erf\u00fcllen.<\/p>","protected":false},"excerpt":{"rendered":"<ul>\n<li>Federgest\u00fctzte Klappe f\u00fcr einfaches \u00d6ffnen.<\/li>\n<li>Vier verf\u00fcgbare Gr\u00f6\u00dfen zur sicheren Stapelung.<\/li>\n<li>Einheitliche und starke Silikon Ringdichtung.<\/li>\n<\/ul>","protected":false},"featured_media":6068,"comment_status":"open","ping_status":"closed","template":"","meta":{"_acf_changed":false},"product_brand":[],"product_cat":[102,100,68],"product_tag":[],"class_list":{"0":"post-6058","1":"product","2":"type-product","3":"status-publish","4":"has-post-thumbnail","6":"product_cat-airtight-food-container","7":"product_cat-glass-storage-jar","8":"product_cat-storage-jars","10":"first","11":"instock","12":"shipping-taxable","13":"purchasable","14":"product-type-variable"},"acf":[],"_links":{"self":[{"href":"https:\/\/www.sinoglass.com\/de\/wp-json\/wp\/v2\/product\/6058","targetHints":{"allow":["GET"]}}],"collection":[{"href":"https:\/\/www.sinoglass.com\/de\/wp-json\/wp\/v2\/product"}],"about":[{"href":"https:\/\/www.sinoglass.com\/de\/wp-json\/wp\/v2\/types\/product"}],"replies":[{"embeddable":true,"href":"https:\/\/www.sinoglass.com\/de\/wp-json\/wp\/v2\/comments?post=6058"}],"wp:featuredmedia":[{"embeddable":true,"href":"https:\/\/www.sinoglass.com\/de\/wp-json\/wp\/v2\/media\/6068"}],"wp:attachment":[{"href":"https:\/\/www.sinoglass.com\/de\/wp-json\/wp\/v2\/media?parent=6058"}],"wp:term":[{"taxonomy":"product_brand","embeddable":true,"href":"https:\/\/www.sinoglass.com\/de\/wp-json\/wp\/v2\/product_brand?post=6058"},{"taxonomy":"product_cat","embeddable":true,"href":"https:\/\/www.sinoglass.com\/de\/wp-json\/wp\/v2\/product_cat?post=6058"},{"taxonomy":"product_tag","embeddable":true,"href":"https:\/\/www.sinoglass.com\/de\/wp-json\/wp\/v2\/product_tag?post=6058"}],"curies":[{"name":"WP","href":"https:\/\/api.w.org\/{rel}","templated":true}]}}