{"id":6046,"date":"2024-09-11T11:08:50","date_gmt":"2024-09-11T03:08:50","guid":{"rendered":"https:\/\/www.sinoglass.com\/?post_type=product&#038;p=6046"},"modified":"2024-09-11T11:31:50","modified_gmt":"2024-09-11T03:31:50","slug":"glass-jar-stainless-steel-lid","status":"publish","type":"product","link":"https:\/\/www.sinoglass.com\/de\/product\/glass-jar-stainless-steel-lid\/","title":{"rendered":"Quadratischer Glasglas Edelstahldeckel #9919A000"},"content":{"rendered":"<p>Entdecken Sie die perfekte Mischung aus Stil und Funktionalit\u00e4t mit SQUARE STORE&#8217; s Quadratglas f\u00fcr K\u00fcchenaufbewahrung. Mit einem modernen quadratischen Design mit abgerundeten Ecken sitzt dieses Glas kompakt auf Ihrem Regal und maximiert Platz. Das klare Glas erm\u00f6glicht eine einfache Identifizierung des Inhalts, w\u00e4hrend der elegante Bambusdeckel eine luftdichte Dichtung bietet, um Ihr Essen frisch zu halten. Erheben Sie Ihre K\u00fcchenorganisation mit unserem ordentlichen und effizienten quadratischen Glas.<\/p>","protected":false},"excerpt":{"rendered":"<p>\u2022 Hochwertiges Borosilikat in quadratischer Form.<br \/>\n\u2022 18\/8 Edelstahldeckel mit Silikondichtung.<br \/>\n\u2022 Drei verf\u00fcgbare Gr\u00f6\u00dfen oder angepasst.<\/p>","protected":false},"featured_media":6052,"comment_status":"open","ping_status":"closed","template":"","meta":{"_acf_changed":false},"product_brand":[],"product_cat":[100,68],"product_tag":[],"class_list":{"0":"post-6046","1":"product","2":"type-product","3":"status-publish","4":"has-post-thumbnail","6":"product_cat-glass-storage-jar","7":"product_cat-storage-jars","9":"first","10":"instock","11":"shipping-taxable","12":"purchasable","13":"product-type-variable"},"acf":[],"_links":{"self":[{"href":"https:\/\/www.sinoglass.com\/de\/wp-json\/wp\/v2\/product\/6046","targetHints":{"allow":["GET"]}}],"collection":[{"href":"https:\/\/www.sinoglass.com\/de\/wp-json\/wp\/v2\/product"}],"about":[{"href":"https:\/\/www.sinoglass.com\/de\/wp-json\/wp\/v2\/types\/product"}],"replies":[{"embeddable":true,"href":"https:\/\/www.sinoglass.com\/de\/wp-json\/wp\/v2\/comments?post=6046"}],"wp:featuredmedia":[{"embeddable":true,"href":"https:\/\/www.sinoglass.com\/de\/wp-json\/wp\/v2\/media\/6052"}],"wp:attachment":[{"href":"https:\/\/www.sinoglass.com\/de\/wp-json\/wp\/v2\/media?parent=6046"}],"wp:term":[{"taxonomy":"product_brand","embeddable":true,"href":"https:\/\/www.sinoglass.com\/de\/wp-json\/wp\/v2\/product_brand?post=6046"},{"taxonomy":"product_cat","embeddable":true,"href":"https:\/\/www.sinoglass.com\/de\/wp-json\/wp\/v2\/product_cat?post=6046"},{"taxonomy":"product_tag","embeddable":true,"href":"https:\/\/www.sinoglass.com\/de\/wp-json\/wp\/v2\/product_tag?post=6046"}],"curies":[{"name":"WP","href":"https:\/\/api.w.org\/{rel}","templated":true}]}}